{"id":33,"date":"2023-06-16T08:44:42","date_gmt":"2023-06-16T08:44:42","guid":{"rendered":"http:\/\/citt-humanidadesdigitales.madrimasd.org\/?page_id=33"},"modified":"2024-08-05T10:25:18","modified_gmt":"2024-08-05T10:25:18","slug":"noticias-convocatorias","status":"publish","type":"page","link":"https:\/\/citt-humanidadesdigitales.madrimasd.org\/index.php\/actividades\/noticias-convocatorias\/","title":{"rendered":"Convocatorias"},"content":{"rendered":"\n<p>Accede a convocatorias de financiaci\u00f3n nacionales e internacionales.<\/p>\n\n\n\n<figure class=\"wp-block-table is-style-stripes has-medium-font-size\"><table class=\"has-vivid-red-color has-text-color has-link-color\" style=\"border-style:none;border-width:0px\"><thead><tr><th>PROYECTO<\/th><th>FECHA<\/th><\/tr><\/thead><tbody><tr><td><a href=\"https:\/\/ec.europa.eu\/info\/funding-tenders\/opportunities\/portal\/screen\/opportunities\/topic-details\/digital-2024-ai-06-finetune?status=31094501,31094502&amp;frameworkProgramme=43152860&amp;order=DESC&amp;pageNumber=1&amp;pageSize=50&amp;sortBy=startDate\" target=\"_blank\" rel=\"noreferrer noopener\"><strong>DIGITAL-2024-AI-06-FINETUNE<\/strong><\/a><br><br><em>Making available a high performing open-source European foundation model for fine-tuning. <\/em><br><br>Desarrollar un gran modelo de lenguaje europeo de c\u00f3digo abierto accesible a los agentes europeos, haciendo hincapi\u00e9 en la transparencia y la seguridad.<\/td><td>18\/09\/2024<\/td><\/tr><tr><td><a href=\"https:\/\/ec.europa.eu\/info\/funding-tenders\/opportunities\/portal\/screen\/opportunities\/topic-details\/digital-2024-ai-06-language-02?order=DESC&amp;pageNumber=1&amp;pageSize=50&amp;sortBy=startDate&amp;keywords=DIGITAL-2024-AI-06-LANGUAGE-02&amp;status=31094501,31094502&amp;frameworkProgramme=43152860\" target=\"_blank\" rel=\"noreferrer noopener\"><strong>DIGITAL-2024-AI-06-LANGUAGE-02<\/strong><\/a><br><br><em>Alliance for Language Technologies (CSA). <\/em><br><br>Apoyar la coordinaci\u00f3n de un ecosistema europeo de tecnolog\u00edas ling\u00fc\u00edsticas. Esta actividad reunir\u00e1 a organizaciones p\u00fablicas y privadas para proporcionar infraestructura y apoyo a desarrolladores y usuarios de grandes modelos ling\u00fc\u00edsticos, especialmente PYME.<\/td><td>18\/09\/2024<\/td><\/tr><tr><td><a href=\"https:\/\/ec.europa.eu\/info\/funding-tenders\/opportunities\/portal\/screen\/opportunities\/topic-details\/digital-2024-ai-06-language-01?status=31094501,31094502&amp;frameworkProgramme=43152860&amp;order=DESC&amp;pageNumber=1&amp;pageSize=50&amp;sortBy=startDate\" target=\"_blank\" rel=\"noreferrer noopener\"><strong>DIGITAL-2024-AI-06-LANGUAGE-01<\/strong><\/a><br><br><em>Alliance for Language Technologies (SG). <\/em><br><br>Recopilar los datos ling\u00fc\u00edsticos (texto, audio, imagen y otras modalidades) de un amplio abanico de agentes industriales, acad\u00e9micos e institucionales europeos, y proporcionar datos en calidad y cantidad suficientes para construir grandes modelos de fundacionales, garantizando una cobertura de todas las lenguas oficiales de los Estados miembros.<\/td><td>18\/09\/2024<\/td><\/tr><tr><td><strong><a href=\"https:\/\/ec.europa.eu\/info\/funding-tenders\/opportunities\/portal\/screen\/opportunities\/topic-details\/horizon-cl4-2024-human-03-02?order=DESC&amp;pageNumber=1&amp;pageSize=50&amp;sortBy=startDate&amp;keywords=HORIZON-CL4-2024-HUMAN-03-02&amp;status=31094501,31094502\" target=\"_blank\" rel=\"noreferrer noopener\">HORIZON-CL4-2024-HUMAN-03-02<\/a><\/strong><br><br><em>Explainable and Robust AI (AI Data and Robotics Partnership) (RIA). <\/em><br><br>El objetivo es hacer avanzar los algoritmos de IA y las innovaciones basadas en ellos que puedan actuar de forma fiable en condiciones del mundo real y predecir cu\u00e1ndo estas circunstancias operativas dejan de ser v\u00e1lidas. La investigaci\u00f3n debe tener como objetivo avanzar en la robustez, transparencia y la explicabilidad para una generalidad de soluciones.<\/td><td>18\/09\/2024<\/td><\/tr><tr><td><strong><a href=\"https:\/\/ec.europa.eu\/info\/funding-tenders\/opportunities\/portal\/screen\/opportunities\/topic-details\/horizon-cl4-2024-human-03-01?order=DESC&amp;pageNumber=1&amp;pageSize=50&amp;sortBy=startDate&amp;status=31094501,31094502&amp;programmePart=43118846,43108557,43120193&amp;programmePeriod=2021%20-%202027&amp;frameworkProgramme=43108390\" target=\"_blank\" rel=\"noreferrer noopener\">HORIZON-CL4-2024-HUMAN-03-01<\/a><\/strong><br><br><em>Advancing Large AI Models: Integration of New Data Modalities and Expansion of Capabilities (AI, Data and Robotics Partnership) (RIA). <\/em><br><br>Esta convocatoria se centra en el desarrollo de grandes modelos multimodales innovadores de IA, que abarcan tanto el entrenamiento de los modelos b\u00e1sicos como su posterior puesta a punto<\/td><td>18\/09\/2024<\/td><\/tr><tr><td><a href=\"https:\/\/eic.ec.europa.eu\/eic-prizes\/european-prize-women-innovators-powered-eic-eit_en#ref-2022-edition\"><strong>European Prize for Women Innovators<\/strong><\/a><br>Se trata de un premio europeo que celebra el emprendimiento de la mujer en Estados Miembros y pa\u00edses asociados cuyas innovaciones disruptivas hayan facilitado un cambio positivo para las personas y para el planeta. <br><br>Existen tres categor\u00edas:<br>&#8211; <a href=\"https:\/\/ec.europa.eu\/info\/funding-tenders\/opportunities\/portal\/screen\/opportunities\/topic-details\/horizon-eic-2024-prize-epwi-womeninnovatorsprize?isExactMatch=true&amp;status=31094501%2C31094502&amp;callIdentifier=HORIZON-EIC-2024-PRIZE-EPWI&amp;order=DESC&amp;pageNumber=1&amp;pageSize=50&amp;sortBy=startDate\">EIC Women Innovators Category<\/a>: Tres premios de 100.000\u20ac, 70.000\u20ac y 50.000\u20ac son concedidos a las tres aplicaciones con mejor ranking. <br>&#8211; <a href=\"https:\/\/ec.europa.eu\/info\/funding-tenders\/opportunities\/portal\/screen\/opportunities\/topic-details\/horizon-eic-2024-prize-epwi-risinginnovatorsprize\">EIC Rising Innovators<\/a>:\u00a0Tres premios de 50.000\u20ac, 30.000\u20ac y 20.000\u20ac concedidos a las tres mejores solicitudes dentro de la categor\u00eda \u201cRising Innovators\u201d con menos de 35 a\u00f1os. <br>&#8211; <a href=\"https:\/\/ec.europa.eu\/info\/funding-tenders\/opportunities\/portal\/screen\/opportunities\/topic-details\/horizon-eit-2024-womeninnovatorsprize?isExactMatch=true&amp;status=31094501,31094502&amp;frameworkProgramme=43108390&amp;order=DESC&amp;pageNumber=2&amp;pageSize=50&amp;sortBy=startDate\">EIT Women Leadership Award<\/a>:\u00a0Este premio ser\u00e1 otorgado a l\u00edderes excepcionales dentro de la Comunidad del EIT. El ganador obtendr\u00e1 50.000\u20ac y los dos finalistas 30.000\u20ac y 20.000\u20ac respectivamente.<\/td><td>25\/09\/2024<\/td><\/tr><tr><td><strong><a href=\"https:\/\/womentecheurope.eu\/\" target=\"_blank\" rel=\"noreferrer noopener\">WomenTechEU<\/a><\/strong><br>Proyecto destinado a financiar y apoyar start-ups Deep tech que est\u00e9n lideradas por mujeres a desarrollar su plan de negocio y\/o escalar su tecnolog\u00eda.<br><br>El programa financiar\u00e1 hasta\u00a075.000\u20ac en modalidad lump sum\u00a0para actividades destinadas al desarrollo, crecimiento y la sostenibilidad del negocio. Entre las actividades sugeridas, se incluyen la mejora, actualizaci\u00f3n y\/o consolidaci\u00f3n del modelo de negocio y la estrategia de crecimiento, validaci\u00f3n del modelo de negocio, actualizaci\u00f3n del plan financiero, obtenci\u00f3n de certificaciones, estrategia de protecci\u00f3n de la propiedad intelectual, an\u00e1lisis FTO, plan comercial, an\u00e1lisis de mercado, validaci\u00f3n de clientes y\/o asesoramiento t\u00e9cnico\/cl\u00ednico, b\u00fasqueda de socios e inversores, etc.\u00a0<\/td><td>30\/09\/2024<\/td><\/tr><tr><td><strong><a href=\"https:\/\/ec.europa.eu\/info\/funding-tenders\/opportunities\/portal\/screen\/opportunities\/topic-details\/horizon-cl2-2024-heritage-eccch-01-01?order=DESC&amp;pageNumber=1&amp;pageSize=10&amp;isExactMatch=true&amp;programmePart=43118846&amp;programmePeriod=2021%20-%202027&amp;frameworkProgramme=43108390&amp;callIdentifier=HORIZON-CL2-2024-HERITAGE-ECCCH-01&amp;crossCuttingPriorities=SSH\">HORIZON-CL2-2024-HERITAGE-ECCCH-01-01<\/a><\/strong><br><br><em>A European Collaborative Cloud for Cultural Heritage \u2013 Innovative tools for digitisation and analysis of dynamic processes, objects and complex combined data. <\/em><br><br>Desarrollar e implementar herramientas y m\u00e9todos innovadores con el fin de digitalizar y analizar procesos din\u00e1micos, objetos y datos complejos combinados. Las aplicaciones concretas deben incluir: Digitalizaci\u00f3n de objetos, procesos y pr\u00e1cticas din\u00e1micas; Seguimiento de la evoluci\u00f3n de los objetos del patrimonio cultural a lo largo del tiempo e Interacci\u00f3n, mezcla y remezcla de distintos tipos de datos.<\/td><td>22\/01\/2025<\/td><\/tr><tr><td><a href=\"https:\/\/ec.europa.eu\/info\/funding-tenders\/opportunities\/portal\/screen\/opportunities\/topic-details\/horizon-cl2-2024-heritage-eccch-01-02?isExactMatch=true&amp;status=31094501,31094502&amp;programmePeriod=2021%20-%202027&amp;frameworkProgramme=43108390&amp;programmePart=43118846&amp;crossCuttingPriorities=SSH&amp;callIdentifier=HORIZON-CL2-2024-HERITAGE-ECCCH-01&amp;order=DESC&amp;pageNumber=1&amp;pageSize=50&amp;sortBy=startDate\"><strong>HORIZON-CL2-2024-HERITAGE-ECCCH-01-02<\/strong><\/a><br><a href=\"https:\/\/ec.europa.eu\/info\/funding-tenders\/opportunities\/portal\/screen\/opportunities\/topic-details\/horizon-cl2-2024-heritage-eccch-01-02?isExactMatch=true&amp;status=31094501,31094502&amp;programmePeriod=2021%20-%202027&amp;frameworkProgramme=43108390&amp;programmePart=43118846&amp;crossCuttingPriorities=SSH&amp;callIdentifier=HORIZON-CL2-2024-HERITAGE-ECCCH-01&amp;order=DESC&amp;pageNumber=1&amp;pageSize=50&amp;sortBy=startDate\"><br><\/a><em>A European Collaborative Cloud for Cultural Heritage \u2013 Innovative tools for documenting, interlinking and organising data. <\/em><br><br>Desarrollar e implementar un conjunto de herramientas y m\u00e9todos innovadores para documentar, interconectar y organizar datos. Deben proporcionarse aplicaciones concretas de estas herramientas y m\u00e9todos para, al menos, los siguientes usos:Creaci\u00f3n, enriquecimiento y perfeccionamiento de bibliograf\u00edas comentadas; Documentar los resultados del trabajo de campo, como excavaciones arqueol\u00f3gicas o paleontol\u00f3gicas u otros procesos y estudios de recopilaci\u00f3n<\/td><td>22\/01\/2025<\/td><\/tr><tr><td><strong><a href=\"https:\/\/ec.europa.eu\/info\/funding-tenders\/opportunities\/portal\/screen\/opportunities\/topic-details\/horizon-cl2-2024-heritage-eccch-01-04?isExactMatch=true&amp;status=31094501,31094502&amp;programmePeriod=2021%20-%202027&amp;frameworkProgramme=43108390&amp;programmePart=43118846&amp;crossCuttingPriorities=SSH&amp;callIdentifier=HORIZON-CL2-2024-HERITAGE-ECCCH-01&amp;order=DESC&amp;pageNumber=1&amp;pageSize=50&amp;sortBy=startDate\">HORIZON-CL2-2024-HERITAGE-ECCCH-01-04<\/a><\/strong><br><br><em>A European Collaborative Cloud for Cultural Heritage \u2013 Innovative tools for high-value interactions with visitors and heritage objects. <\/em><br><br>Desarrollar e implementar un conjunto de herramientas y m\u00e9todos innovadores para interacciones de alta calidad con visitantes y objetos del patrimonio cultural. Deben proporcionarse aplicaciones concretas de estas herramientas y m\u00e9todos para, al menos, los siguientes usos: Crear, compartir y reutilizar contenidos interactivos y Analizar, dise\u00f1ar y probar interacciones con visitantes.<\/td><td>22\/01\/2025<\/td><\/tr><tr><td><strong><a href=\"https:\/\/ec.europa.eu\/info\/funding-tenders\/opportunities\/portal\/screen\/opportunities\/topic-details\/horizon-cl2-2024-heritage-eccch-01-05?isExactMatch=true&amp;status=31094501,31094502&amp;programmePeriod=2021%20-%202027&amp;frameworkProgramme=43108390&amp;programmePart=43118846&amp;crossCuttingPriorities=SSH&amp;callIdentifier=HORIZON-CL2-2024-HERITAGE-ECCCH-01&amp;order=DESC&amp;pageNumber=1&amp;pageSize=50&amp;sortBy=startDate\">HORIZON-CL2-2024-HERITAGE-ECCCH-01-05<\/a><\/strong><br><br><em>A European Collaborative Cloud for Cultural Heritage \u2013 Innovative tools for the study, conservation and restoration of heritage objects. <\/em><br><br>Desarrollar e implementar un conjunto de herramientas y m\u00e9todos innovadores para el estudio, conservaci\u00f3n y restauraci\u00f3n de los objetos del patrimonio cultural. Deben proporcionarse aplicaciones concretas de estas herramientas y m\u00e9todos para, al menos, los siguientes usos: Apoyo al estudio de bienes del patrimonio cultural y Apoyo a los trabajos de conservaci\u00f3n y restauraci\u00f3n.<\/td><td>22\/01\/2025<\/td><\/tr><tr><td><strong><a href=\"https:\/\/ec.europa.eu\/info\/funding-tenders\/opportunities\/portal\/screen\/opportunities\/topic-details\/horizon-cl4-2024-human-03-03?isExactMatch=true&amp;status=31094501,31094502&amp;frameworkProgramme=43108390&amp;programmePart=43120193&amp;callIdentifier=HORIZON-CL4-2024-HUMAN-03&amp;order=DESC&amp;pageNumber=1&amp;pageSize=50&amp;sortBy=startDate\">HORIZON-CL4-2024-HUMAN-03-03<\/a><\/strong><br><br><em>Digital Humanism &#8211; Putting people at the centre of the digital transformation (CSA)<\/em><br><br>Desarrollar e implementar un conjunto de herramientas y m\u00e9todos innovadores para el estudio, conservaci\u00f3n y restauraci\u00f3n de los objetos del patrimonio cultural. Deben proporcionarse aplicaciones concretas de estas herramientas y m\u00e9todos para, al menos, los siguientes usos: Apoyo al estudio de bienes del patrimonio cultural y Apoyo a los trabajos de conservaci\u00f3n y restauraci\u00f3n.<\/td><td>22\/01\/2025<\/td><\/tr><tr><td><strong><a href=\"https:\/\/www.comunidad.madrid\/servicios\/educacion\/convocatorias-ayudas-investigacion\">Convocatoria del a\u00f1o 2024 de ayudas a proyectos de I+D en procesos humanos y sociales<\/a><\/strong> <strong><a href=\"https:\/\/www.comunidad.madrid\/servicios\/educacion\/convocatorias-ayudas-investigacion\">de la CAM<br><\/a><\/strong><br>Proyectos realizados en colaboraci\u00f3n entre grupos de investigaci\u00f3n pertenecientes a las universidades y organismos de investigaci\u00f3n de la Comunidad de Madrid en la modalidad de programas de actividades de I+D en procesos humanos y sociales.<br><br>Establecer redes de colaboraci\u00f3n entre grupos de investigaci\u00f3n de universidades y organismos de la Comunidad de Madrid en sub\u00e1reas cient\u00edfico-t\u00e9cnicas espec\u00edficas<\/td><td>M\u00e1s informaci\u00f3n pr\u00f3ximamente<\/td><\/tr><tr><td><strong><a href=\"https:\/\/www.comunidad.madrid\/servicios\/educacion\/convocatorias-ayudas-investigacion\">Convocatoria del a\u00f1o 2024 de ayudas a proyectos de I+D en tecnolog\u00edas de la CAM <\/a><\/strong><br><br>Proyectos realizados en colaboraci\u00f3n entre grupos de investigaci\u00f3n pertenecientes a las universidades y organismos de investigaci\u00f3n de la Comunidad de Madrid en la modalidad de programas de actividades de I+D en tecnolog\u00edas.<br><br>Establecer redes de colaboraci\u00f3n entre grupos de investigaci\u00f3n de universidades y organismos de la Comunidad de Madrid en sub\u00e1reas cient\u00edfico-t\u00e9cnicas espec\u00edficas<\/td><td>M\u00e1s informaci\u00f3n pr\u00f3ximamente<\/td><\/tr><\/tbody><\/table><\/figure>\n\n\n\n<p><\/p>\n\n\n\n<p><\/p>\n","protected":false},"excerpt":{"rendered":"<p>Accede a convocatorias de financiaci\u00f3n nacionales e internacionales. PROYECTO FECHA DIGITAL-2024-AI-06-FINETUNE Making available a high performing open-source European foundation model for fine-tuning. Desarrollar un gran modelo de lenguaje europeo de c\u00f3digo abierto accesible a los agentes europeos, haciendo hincapi\u00e9 en la transparencia y la seguridad. 18\/09\/2024 DIGITAL-2024-AI-06-LANGUAGE-02 Alliance for Language Technologies (CSA). Apoyar la coordinaci\u00f3n de un ecosistema europeo de tecnolog\u00edas ling\u00fc\u00edsticas. Esta actividad reunir\u00e1 a organizaciones p\u00fablicas y privadas para proporcionar infraestructura y apoyo a desarrolladores y usuarios de grandes modelos ling\u00fc\u00edsticos, especialmente PYME. 18\/09\/2024 DIGITAL-2024-AI-06-LANGUAGE-01 Alliance for Language Technologies (SG). Recopilar los datos ling\u00fc\u00edsticos (texto, audio, imagen y\u2026<\/p>\n","protected":false},"author":1,"featured_media":1401,"parent":8,"menu_order":2,"comment_status":"closed","ping_status":"closed","template":"","meta":{"_mc_calendar":[],"footnotes":""},"class_list":["post-33","page","type-page","status-publish","has-post-thumbnail","hentry"],"blocksy_meta":"","acf":[],"jetpack_sharing_enabled":true,"_links":{"self":[{"href":"https:\/\/citt-humanidadesdigitales.madrimasd.org\/index.php\/wp-json\/wp\/v2\/pages\/33","targetHints":{"allow":["GET"]}}],"collection":[{"href":"https:\/\/citt-humanidadesdigitales.madrimasd.org\/index.php\/wp-json\/wp\/v2\/pages"}],"about":[{"href":"https:\/\/citt-humanidadesdigitales.madrimasd.org\/index.php\/wp-json\/wp\/v2\/types\/page"}],"author":[{"embeddable":true,"href":"https:\/\/citt-humanidadesdigitales.madrimasd.org\/index.php\/wp-json\/wp\/v2\/users\/1"}],"replies":[{"embeddable":true,"href":"https:\/\/citt-humanidadesdigitales.madrimasd.org\/index.php\/wp-json\/wp\/v2\/comments?post=33"}],"version-history":[{"count":14,"href":"https:\/\/citt-humanidadesdigitales.madrimasd.org\/index.php\/wp-json\/wp\/v2\/pages\/33\/revisions"}],"predecessor-version":[{"id":1853,"href":"https:\/\/citt-humanidadesdigitales.madrimasd.org\/index.php\/wp-json\/wp\/v2\/pages\/33\/revisions\/1853"}],"up":[{"embeddable":true,"href":"https:\/\/citt-humanidadesdigitales.madrimasd.org\/index.php\/wp-json\/wp\/v2\/pages\/8"}],"wp:featuredmedia":[{"embeddable":true,"href":"https:\/\/citt-humanidadesdigitales.madrimasd.org\/index.php\/wp-json\/wp\/v2\/media\/1401"}],"wp:attachment":[{"href":"https:\/\/citt-humanidadesdigitales.madrimasd.org\/index.php\/wp-json\/wp\/v2\/media?parent=33"}],"curies":[{"name":"wp","href":"https:\/\/api.w.org\/{rel}","templated":true}]}}