{"id":31,"date":"2023-06-16T08:44:06","date_gmt":"2023-06-16T08:44:06","guid":{"rendered":"http:\/\/citt-humanidadesdigitales.madrimasd.org\/?page_id=31"},"modified":"2024-07-30T11:13:08","modified_gmt":"2024-07-30T11:13:08","slug":"proyectos-en-desarrollo","status":"publish","type":"page","link":"https:\/\/citt-humanidadesdigitales.madrimasd.org\/index.php\/proyectos-en-desarrollo\/","title":{"rendered":"Proyectos"},"content":{"rendered":"\n<div style=\"height:64px\" aria-hidden=\"true\" class=\"wp-block-spacer\"><\/div>\n\n\n\n<p class=\"has-text-align-center\">El&nbsp;<strong>Cl\u00faster de Innovaci\u00f3n Tecnol\u00f3gica y Talento de Humanidades Digitales y Tecnolog\u00edas del Espa\u00f1ol de la Comunidad de Madrid<\/strong> apoya el desarrollo de los siguientes proyectos de investigaci\u00f3n que cuentan con la coordinaci\u00f3n y participaci\u00f3n de sus miembros.<\/p>\n\n\n\n<div class=\"wp-block-columns is-layout-flex wp-container-core-columns-is-layout-28f84493 wp-block-columns-is-layout-flex\">\n<div class=\"wp-block-column is-layout-flow wp-block-column-is-layout-flow\" style=\"flex-basis:100%\">\n<div style=\"height:41px\" aria-hidden=\"true\" class=\"wp-block-spacer\"><\/div>\n<\/div>\n<\/div>\n\n\n\n<div class=\"wp-block-group is-layout-grid wp-container-core-group-is-layout-0b388eb3 wp-block-group-is-layout-grid\">\n<div class=\"wp-block-cover wp-container-content-9f5fc85a\"><span aria-hidden=\"true\" class=\"wp-block-cover__background has-background-dim\"><\/span><img loading=\"lazy\" decoding=\"async\" width=\"1024\" height=\"683\" class=\"wp-block-cover__image-background wp-image-1067\" alt=\"\" src=\"https:\/\/citt-humanidadesdigitales.madrimasd.org\/wp-content\/uploads\/2023\/10\/dados-madera-letras-paginas-libro-1024x683.jpg\" data-object-fit=\"cover\" srcset=\"https:\/\/citt-humanidadesdigitales.madrimasd.org\/wp-content\/uploads\/2023\/10\/dados-madera-letras-paginas-libro-1024x683.jpg 1024w, https:\/\/citt-humanidadesdigitales.madrimasd.org\/wp-content\/uploads\/2023\/10\/dados-madera-letras-paginas-libro-300x200.jpg 300w, https:\/\/citt-humanidadesdigitales.madrimasd.org\/wp-content\/uploads\/2023\/10\/dados-madera-letras-paginas-libro-768x512.jpg 768w, https:\/\/citt-humanidadesdigitales.madrimasd.org\/wp-content\/uploads\/2023\/10\/dados-madera-letras-paginas-libro.jpg 1500w\" sizes=\"auto, (max-width: 1024px) 100vw, 1024px\" \/><div class=\"wp-block-cover__inner-container is-layout-flow wp-block-cover-is-layout-flow\">\n<p class=\"has-text-align-center has-large-font-size\"><strong>Corpus Anotado Multimodal<\/strong><\/p>\n\n\n\n<p class=\"has-text-align-center\">Creaci\u00f3n de un corpus anotado multimodal del espa\u00f1ol, lenguas cooficiales y variedades del espa\u00f1ol para la IA.<\/p>\n\n\n\n<div class=\"wp-block-buttons is-content-justification-center is-layout-flex wp-container-core-buttons-is-layout-a89b3969 wp-block-buttons-is-layout-flex\">\n<div class=\"wp-block-button\"><a class=\"wp-block-button__link has-text-align-center wp-element-button\" href=\"https:\/\/citt-humanidadesdigitales.madrimasd.org\/index.php\/proyectos-en-desarrollo\/corpus-anotado-multimodal-2\/\"><strong>Descubre m\u00e1s<\/strong><\/a><\/div>\n<\/div>\n<\/div><\/div>\n\n\n\n<div class=\"wp-block-cover\"><span aria-hidden=\"true\" class=\"wp-block-cover__background has-background-dim\"><\/span><img loading=\"lazy\" decoding=\"async\" width=\"1024\" height=\"683\" class=\"wp-block-cover__image-background wp-image-1078\" alt=\"\" src=\"https:\/\/citt-humanidadesdigitales.madrimasd.org\/wp-content\/uploads\/2023\/10\/companeros-trabajo-anonimos-papeles-1024x683.jpg\" data-object-fit=\"cover\" srcset=\"https:\/\/citt-humanidadesdigitales.madrimasd.org\/wp-content\/uploads\/2023\/10\/companeros-trabajo-anonimos-papeles-1024x683.jpg 1024w, https:\/\/citt-humanidadesdigitales.madrimasd.org\/wp-content\/uploads\/2023\/10\/companeros-trabajo-anonimos-papeles-300x200.jpg 300w, https:\/\/citt-humanidadesdigitales.madrimasd.org\/wp-content\/uploads\/2023\/10\/companeros-trabajo-anonimos-papeles-768x512.jpg 768w, https:\/\/citt-humanidadesdigitales.madrimasd.org\/wp-content\/uploads\/2023\/10\/companeros-trabajo-anonimos-papeles.jpg 1500w\" sizes=\"auto, (max-width: 1024px) 100vw, 1024px\" \/><div class=\"wp-block-cover__inner-container is-layout-flow wp-block-cover-is-layout-flow\">\n<p class=\"has-text-align-center has-large-font-size\"><strong>Lenguaje Claro<\/strong><\/p>\n\n\n\n<p class=\"has-text-align-center\">Desarrollo de una aplicaci\u00f3n de lenguaje claro para el sector sociosanitario.<\/p>\n\n\n\n<div class=\"wp-block-buttons is-content-justification-center is-layout-flex wp-container-core-buttons-is-layout-a89b3969 wp-block-buttons-is-layout-flex\">\n<div class=\"wp-block-button\"><a class=\"wp-block-button__link wp-element-button\" href=\"https:\/\/citt-humanidadesdigitales.madrimasd.org\/index.php\/proyectos-en-desarrollo\/lenguaje-claro\/\">Descubre m\u00e1s<\/a><\/div>\n<\/div>\n<\/div><\/div>\n<\/div>\n\n\n\n<div class=\"wp-block-group is-layout-grid wp-container-core-group-is-layout-0b388eb3 wp-block-group-is-layout-grid\">\n<div class=\"wp-block-cover\"><span aria-hidden=\"true\" class=\"wp-block-cover__background has-background-dim\"><\/span><img loading=\"lazy\" decoding=\"async\" width=\"1024\" height=\"683\" class=\"wp-block-cover__image-background wp-image-1084\" alt=\"\" src=\"https:\/\/citt-humanidadesdigitales.madrimasd.org\/wp-content\/uploads\/2023\/10\/monton-revistas-coloridas-sobre-mesa-1024x683.jpg\" data-object-fit=\"cover\" srcset=\"https:\/\/citt-humanidadesdigitales.madrimasd.org\/wp-content\/uploads\/2023\/10\/monton-revistas-coloridas-sobre-mesa-1024x683.jpg 1024w, https:\/\/citt-humanidadesdigitales.madrimasd.org\/wp-content\/uploads\/2023\/10\/monton-revistas-coloridas-sobre-mesa-300x200.jpg 300w, https:\/\/citt-humanidadesdigitales.madrimasd.org\/wp-content\/uploads\/2023\/10\/monton-revistas-coloridas-sobre-mesa-768x512.jpg 768w, https:\/\/citt-humanidadesdigitales.madrimasd.org\/wp-content\/uploads\/2023\/10\/monton-revistas-coloridas-sobre-mesa.jpg 1500w\" sizes=\"auto, (max-width: 1024px) 100vw, 1024px\" \/><div class=\"wp-block-cover__inner-container is-layout-flow wp-block-cover-is-layout-flow\">\n<p class=\"has-text-align-center has-large-font-size\"><strong>Flagship de Formaci\u00f3n<\/strong><\/p>\n\n\n\n<p class=\"has-text-align-center\">Construcci\u00f3n de un programa de formaci\u00f3n en competencias digitales transversales para formadores y estudiantes.<\/p>\n\n\n\n<div class=\"wp-block-buttons is-content-justification-center is-layout-flex wp-container-core-buttons-is-layout-a89b3969 wp-block-buttons-is-layout-flex\">\n<div class=\"wp-block-button\"><a class=\"wp-block-button__link wp-element-button\" href=\"https:\/\/citt-humanidadesdigitales.madrimasd.org\/index.php\/proyectos-en-desarrollo\/flagship-de-formacion\/\">Descubre m\u00e1s<\/a><\/div>\n<\/div>\n<\/div><\/div>\n\n\n\n<div class=\"wp-block-cover\"><span aria-hidden=\"true\" class=\"wp-block-cover__background has-background-dim\"><\/span><img loading=\"lazy\" decoding=\"async\" width=\"1024\" height=\"683\" class=\"wp-block-cover__image-background wp-image-1417\" alt=\"\" src=\"https:\/\/citt-humanidadesdigitales.madrimasd.org\/wp-content\/uploads\/2024\/01\/Diseno-sin-titulo-10.png\" data-object-fit=\"cover\" srcset=\"https:\/\/citt-humanidadesdigitales.madrimasd.org\/wp-content\/uploads\/2024\/01\/Diseno-sin-titulo-10.png 1024w, https:\/\/citt-humanidadesdigitales.madrimasd.org\/wp-content\/uploads\/2024\/01\/Diseno-sin-titulo-10-300x200.png 300w, https:\/\/citt-humanidadesdigitales.madrimasd.org\/wp-content\/uploads\/2024\/01\/Diseno-sin-titulo-10-768x512.png 768w\" sizes=\"auto, (max-width: 1024px) 100vw, 1024px\" \/><div class=\"wp-block-cover__inner-container is-layout-flow wp-block-cover-is-layout-flow\">\n<p class=\"has-text-align-center has-large-font-size\"><strong>Digitalizaci\u00f3n de Patrimonio<\/strong><\/p>\n\n\n\n<p class=\"has-text-align-center\">Dar a conocer el patrimonio de la Comunidad de Madrid a trav\u00e9s de un ecosistema h\u00edbrido (f\u00edsico y digital).<\/p>\n\n\n\n<div class=\"wp-block-buttons is-content-justification-center is-layout-flex wp-container-core-buttons-is-layout-a89b3969 wp-block-buttons-is-layout-flex\">\n<div class=\"wp-block-button\"><a class=\"wp-block-button__link wp-element-button\" href=\"https:\/\/citt-humanidadesdigitales.madrimasd.org\/index.php\/proyectos-en-desarrollo\/proyecto-de-digitalizacion-de-patrimonio\/\">Descubre m\u00e1s<\/a><\/div>\n<\/div>\n<\/div><\/div>\n<\/div>\n\n\n\n<p><\/p>\n\n\n\n<hr class=\"wp-block-separator has-alpha-channel-opacity is-style-default\"\/>\n\n\n\n<hr class=\"wp-block-separator has-alpha-channel-opacity\"\/>\n","protected":false},"excerpt":{"rendered":"<p>El&nbsp;Cl\u00faster de Innovaci\u00f3n Tecnol\u00f3gica y Talento de Humanidades Digitales y Tecnolog\u00edas del Espa\u00f1ol de la Comunidad de Madrid apoya el desarrollo de los siguientes proyectos de investigaci\u00f3n que cuentan con la coordinaci\u00f3n y participaci\u00f3n de sus miembros.<\/p>\n","protected":false},"author":1,"featured_media":0,"parent":0,"menu_order":1,"comment_status":"closed","ping_status":"closed","template":"","meta":{"_mc_calendar":[],"footnotes":""},"class_list":["post-31","page","type-page","status-publish","hentry"],"blocksy_meta":"","acf":[],"jetpack_sharing_enabled":true,"_links":{"self":[{"href":"https:\/\/citt-humanidadesdigitales.madrimasd.org\/index.php\/wp-json\/wp\/v2\/pages\/31","targetHints":{"allow":["GET"]}}],"collection":[{"href":"https:\/\/citt-humanidadesdigitales.madrimasd.org\/index.php\/wp-json\/wp\/v2\/pages"}],"about":[{"href":"https:\/\/citt-humanidadesdigitales.madrimasd.org\/index.php\/wp-json\/wp\/v2\/types\/page"}],"author":[{"embeddable":true,"href":"https:\/\/citt-humanidadesdigitales.madrimasd.org\/index.php\/wp-json\/wp\/v2\/users\/1"}],"replies":[{"embeddable":true,"href":"https:\/\/citt-humanidadesdigitales.madrimasd.org\/index.php\/wp-json\/wp\/v2\/comments?post=31"}],"version-history":[{"count":39,"href":"https:\/\/citt-humanidadesdigitales.madrimasd.org\/index.php\/wp-json\/wp\/v2\/pages\/31\/revisions"}],"predecessor-version":[{"id":1825,"href":"https:\/\/citt-humanidadesdigitales.madrimasd.org\/index.php\/wp-json\/wp\/v2\/pages\/31\/revisions\/1825"}],"wp:attachment":[{"href":"https:\/\/citt-humanidadesdigitales.madrimasd.org\/index.php\/wp-json\/wp\/v2\/media?parent=31"}],"curies":[{"name":"wp","href":"https:\/\/api.w.org\/{rel}","templated":true}]}}