{"id":25,"date":"2023-06-15T11:08:03","date_gmt":"2023-06-15T11:08:03","guid":{"rendered":"http:\/\/citt-humanidadesdigitales.madrimasd.org\/?page_id=25"},"modified":"2024-05-14T15:04:19","modified_gmt":"2024-05-14T15:04:19","slug":"quiero-unirme-al-cluster","status":"publish","type":"page","link":"https:\/\/citt-humanidadesdigitales.madrimasd.org\/index.php\/quienes-somos\/quiero-unirme-al-cluster\/","title":{"rendered":"Quiero unirme al Cl\u00faster"},"content":{"rendered":"\t\t<div data-elementor-type=\"wp-page\" data-elementor-id=\"25\" class=\"elementor elementor-25\">\n\t\t\t\t\t\t\t\t\t<section class=\"elementor-section elementor-top-section elementor-element elementor-element-7198a3a8 elementor-section-boxed elementor-section-height-default elementor-section-height-default\" data-id=\"7198a3a8\" data-element_type=\"section\">\n\t\t\t\t\t\t<div class=\"elementor-container elementor-column-gap-default\">\n\t\t\t\t\t<div class=\"elementor-column elementor-col-100 elementor-top-column elementor-element elementor-element-7533f408\" data-id=\"7533f408\" data-element_type=\"column\">\n\t\t\t<div class=\"elementor-widget-wrap elementor-element-populated\">\n\t\t\t\t\t\t\t\t<div class=\"elementor-element elementor-element-965102c elementor-widget elementor-widget-text-editor\" data-id=\"965102c\" data-element_type=\"widget\" data-widget_type=\"text-editor.default\">\n\t\t\t\t<div class=\"elementor-widget-container\">\n\t\t\t<style>\/*! elementor - v3.14.0 - 26-06-2023 *\/\n.elementor-widget-text-editor.elementor-drop-cap-view-stacked .elementor-drop-cap{background-color:#69727d;color:#fff}.elementor-widget-text-editor.elementor-drop-cap-view-framed .elementor-drop-cap{color:#69727d;border:3px solid;background-color:transparent}.elementor-widget-text-editor:not(.elementor-drop-cap-view-default) .elementor-drop-cap{margin-top:8px}.elementor-widget-text-editor:not(.elementor-drop-cap-view-default) .elementor-drop-cap-letter{width:1em;height:1em}.elementor-widget-text-editor .elementor-drop-cap{float:left;text-align:center;line-height:1;font-size:50px}.elementor-widget-text-editor .elementor-drop-cap-letter{display:inline-block}<\/style>\t\t\t\t<p><!-- wp:paragraph --><\/p>\n<p>Gracias por su inter\u00e9s en formar parte del Cl\u00faster.<\/p>\n<p><!-- \/wp:paragraph --><\/p>\n<p><!-- wp:paragraph --><\/p>\n<p>Para participar en las actividades es necesario ser miembro. Para ello, debe formalizarse la firma del <em>Acuerdo de Funcionamiento<\/em>. Puede solicitar m\u00e1s informaci\u00f3n poni\u00e9ndose en contacto con la secretar\u00eda t\u00e9cnica del Cl\u00faster a trav\u00e9s de este formulario:\u00a0<\/p>\n<p><!-- \/wp:forminator\/forms --><\/p>\t\t\t\t\t\t<\/div>\n\t\t\t\t<\/div>\n\t\t\t\t\t<\/div>\n\t\t<\/div>\n\t\t\t\t\t\t\t<\/div>\n\t\t<\/section>\n\t\t<div class=\"elementor-element elementor-element-9289c8b e-flex e-con-boxed e-con\" data-id=\"9289c8b\" data-element_type=\"container\" data-settings=\"{&quot;content_width&quot;:&quot;boxed&quot;}\">\n\t\t\t\t\t<div class=\"e-con-inner\">\n\t\t<div class=\"elementor-element elementor-element-6b8f23a e-flex e-con-boxed e-con\" data-id=\"6b8f23a\" data-element_type=\"container\" data-settings=\"{&quot;content_width&quot;:&quot;boxed&quot;}\">\n\t\t\t\t\t<div class=\"e-con-inner\">\n\t\t<div class=\"elementor-element elementor-element-02cb2d1 e-con-full e-flex e-con\" data-id=\"02cb2d1\" data-element_type=\"container\" data-settings=\"{&quot;content_width&quot;:&quot;full&quot;}\">\n\t\t\t\t<\/div>\n\t\t<div class=\"elementor-element elementor-element-5e2fb66 e-con-full e-flex e-con\" data-id=\"5e2fb66\" data-element_type=\"container\" data-settings=\"{&quot;content_width&quot;:&quot;full&quot;,&quot;background_background&quot;:&quot;classic&quot;}\">\n\t\t\t\t<div class=\"elementor-element elementor-element-aa6cb1e elementor-widget elementor-widget-shortcode\" data-id=\"aa6cb1e\" data-element_type=\"widget\" data-widget_type=\"shortcode.default\">\n\t\t\t\t<div class=\"elementor-widget-container\">\n\t\t\t\t\t<div class=\"elementor-shortcode\"><div class=\"forminator-ui forminator-custom-form forminator-custom-form-43 forminator-design--default  forminator_ajax\" data-forminator-render=\"0\" data-form=\"forminator-module-43\" data-uid=\"6a01a025c84c2\"><br\/><\/div><form\n\t\t\t\tid=\"forminator-module-43\"\n\t\t\t\tclass=\"forminator-ui forminator-custom-form forminator-custom-form-43 forminator-design--default  forminator_ajax\"\n\t\t\t\tmethod=\"post\"\n\t\t\t\tdata-forminator-render=\"0\"\n\t\t\t\tdata-form-id=\"43\"\n\t\t\t\t\n\t\t\t\tdata-design=\"default\"\n\t\t\t\t\n\t\t\t\t\n\t\t\t\t\n\t\t\t\tdata-grid=\"open\"\n\t\t\t\t\n\t\t\t\t\n\t\t\t\tstyle=\"display: none;\"\n\t\t\t\t\n\t\t\t\tdata-uid=\"6a01a025c84c2\"\n\t\t\t><div role=\"alert\" aria-live=\"polite\" class=\"forminator-response-message forminator-error\" aria-hidden=\"true\"><\/div><div class=\"forminator-row\"><div id=\"name-1\" class=\"forminator-col forminator-col-12 \"><div class=\"forminator-field\"><label for=\"forminator-field-name-1_6a01a025c84c2\" class=\"forminator-label\" id=\"forminator-field-name-1_6a01a025c84c2-label\">Entidad <span class=\"forminator-required\">*<\/span><\/label><input type=\"text\" name=\"name-1\" value=\"\" placeholder=\"Nombre\" id=\"forminator-field-name-1_6a01a025c84c2\" class=\"forminator-input forminator-name--field\" aria-required=\"true\" \/><\/div><\/div><\/div><div class=\"forminator-row\"><div id=\"email-1\" class=\"forminator-col forminator-col-12 \"><div class=\"forminator-field\"><label for=\"forminator-field-email-1_6a01a025c84c2\" class=\"forminator-label\" id=\"forminator-field-email-1_6a01a025c84c2-label\">Persona de contacto <span class=\"forminator-required\">*<\/span><\/label><input type=\"email\" name=\"email-1\" value=\"\" placeholder=\"Nombre y apellidos\" id=\"forminator-field-email-1_6a01a025c84c2\" class=\"forminator-input forminator-email--field\" data-required=\"true\" aria-required=\"true\" \/><\/div><\/div><\/div><div class=\"forminator-row\"><div id=\"phone-1\" class=\"forminator-col forminator-col-12 \"><div class=\"forminator-field\"><label for=\"forminator-field-phone-1_6a01a025c84c2\" class=\"forminator-label\" id=\"forminator-field-phone-1_6a01a025c84c2-label\">Email<\/label><input type=\"text\" name=\"phone-1\" value=\"\" placeholder=\"\" id=\"forminator-field-phone-1_6a01a025c84c2\" class=\"forminator-input forminator-field--phone\" data-required=\"\" aria-required=\"false\" autocomplete=\"off\" \/><\/div><\/div><\/div><div class=\"forminator-row\"><div id=\"textarea-1\" class=\"forminator-col forminator-col-12 \"><div class=\"forminator-field\"><label for=\"forminator-field-textarea-1_6a01a025c84c2\" id=\"forminator-field-textarea-1_6a01a025c84c2-label\" class=\"forminator-label\">Mensaje<\/label><textarea name=\"textarea-1\" placeholder=\"Introduce tu mensaje...\" id=\"forminator-field-textarea-1_6a01a025c84c2\" class=\"forminator-textarea\" rows=\"6\" style=\"min-height:140px;\" maxlength=\"180\" ><\/textarea><span id=\"forminator-field-textarea-1_6a01a025c84c2-description\" class=\"forminator-description\"><span data-limit=\"180\" data-type=\"characters\">0 \/ 180<\/span><\/span><\/div><\/div><\/div><input type=\"hidden\" name=\"referer_url\" value=\"\" \/><div class=\"forminator-row forminator-row-last\"><div class=\"forminator-col\"><div class=\"forminator-field\"><button class=\"forminator-button forminator-button-submit\">Enviar mensaje<\/button><\/div><\/div><\/div><input type=\"hidden\" id=\"forminator_nonce\" name=\"forminator_nonce\" value=\"0deba4ea33\" \/><input type=\"hidden\" name=\"_wp_http_referer\" value=\"\/index.php\/wp-json\/wp\/v2\/pages\/25\" \/><input type=\"hidden\" name=\"form_id\" value=\"43\"><input type=\"hidden\" name=\"page_id\" value=\"25\"><input type=\"hidden\" name=\"form_type\" value=\"default\"><input type=\"hidden\" name=\"current_url\" value=\"https:\/\/citt-humanidadesdigitales.madrimasd.org\/index.php\/quienes-somos\/quiero-unirme-al-cluster\/\"><input type=\"hidden\" name=\"render_id\" value=\"0\"><input type=\"hidden\" name=\"action\" value=\"forminator_submit_form_custom-forms\"><\/form><\/div>\n\t\t\t\t<\/div>\n\t\t\t\t<\/div>\n\t\t\t\t<\/div>\n\t\t<div class=\"elementor-element elementor-element-736f410 e-con-full e-flex e-con\" data-id=\"736f410\" data-element_type=\"container\" data-settings=\"{&quot;content_width&quot;:&quot;full&quot;}\">\n\t\t\t\t<\/div>\n\t\t\t\t\t<\/div>\n\t\t\t\t<\/div>\n\t\t\t\t\t<\/div>\n\t\t\t\t<\/div>\n\t\t\t\t\t\t\t<\/div>\n\t\t","protected":false},"excerpt":{"rendered":"<p>Gracias por su inter\u00e9s en formar parte del Cl\u00faster. Para participar en las actividades es necesario ser miembro. Para ello, debe formalizarse la firma del Acuerdo de Funcionamiento. Puede solicitar m\u00e1s informaci\u00f3n poni\u00e9ndose en contacto con la secretar\u00eda t\u00e9cnica del Cl\u00faster a trav\u00e9s de este formulario:\u00a0<\/p>\n","protected":false},"author":1,"featured_media":0,"parent":17,"menu_order":4,"comment_status":"closed","ping_status":"closed","template":"","meta":{"_mc_calendar":[],"footnotes":""},"class_list":["post-25","page","type-page","status-publish","hentry"],"blocksy_meta":"","acf":[],"jetpack_sharing_enabled":true,"_links":{"self":[{"href":"https:\/\/citt-humanidadesdigitales.madrimasd.org\/index.php\/wp-json\/wp\/v2\/pages\/25","targetHints":{"allow":["GET"]}}],"collection":[{"href":"https:\/\/citt-humanidadesdigitales.madrimasd.org\/index.php\/wp-json\/wp\/v2\/pages"}],"about":[{"href":"https:\/\/citt-humanidadesdigitales.madrimasd.org\/index.php\/wp-json\/wp\/v2\/types\/page"}],"author":[{"embeddable":true,"href":"https:\/\/citt-humanidadesdigitales.madrimasd.org\/index.php\/wp-json\/wp\/v2\/users\/1"}],"replies":[{"embeddable":true,"href":"https:\/\/citt-humanidadesdigitales.madrimasd.org\/index.php\/wp-json\/wp\/v2\/comments?post=25"}],"version-history":[{"count":10,"href":"https:\/\/citt-humanidadesdigitales.madrimasd.org\/index.php\/wp-json\/wp\/v2\/pages\/25\/revisions"}],"predecessor-version":[{"id":638,"href":"https:\/\/citt-humanidadesdigitales.madrimasd.org\/index.php\/wp-json\/wp\/v2\/pages\/25\/revisions\/638"}],"up":[{"embeddable":true,"href":"https:\/\/citt-humanidadesdigitales.madrimasd.org\/index.php\/wp-json\/wp\/v2\/pages\/17"}],"wp:attachment":[{"href":"https:\/\/citt-humanidadesdigitales.madrimasd.org\/index.php\/wp-json\/wp\/v2\/media?parent=25"}],"curies":[{"name":"wp","href":"https:\/\/api.w.org\/{rel}","templated":true}]}}