{"id":23,"date":"2023-06-15T11:07:42","date_gmt":"2023-06-15T11:07:42","guid":{"rendered":"http:\/\/citt-humanidadesdigitales.madrimasd.org\/?page_id=23"},"modified":"2024-05-14T15:04:08","modified_gmt":"2024-05-14T15:04:08","slug":"por-que-unirse-al-cluster","status":"publish","type":"page","link":"https:\/\/citt-humanidadesdigitales.madrimasd.org\/index.php\/quienes-somos\/por-que-unirse-al-cluster\/","title":{"rendered":"\u00bfPor qu\u00e9 unirse al Cl\u00faster?"},"content":{"rendered":"\n<div style=\"height:50px\" aria-hidden=\"true\" class=\"wp-block-spacer\"><\/div>\n\n\n\n<div class=\"wp-block-columns is-layout-flex wp-container-core-columns-is-layout-28f84493 wp-block-columns-is-layout-flex\">\n<div class=\"wp-block-column is-layout-flow wp-block-column-is-layout-flow\">\n<figure class=\"wp-block-image aligncenter size-full is-resized\"><img loading=\"lazy\" decoding=\"async\" width=\"450\" height=\"591\" src=\"https:\/\/citt-humanidadesdigitales.madrimasd.org\/wp-content\/uploads\/2023\/10\/Iconos-Objetivos-CITT-HD-Y-TE-10.png\" alt=\"\" class=\"wp-image-880\" style=\"width:95px\" srcset=\"https:\/\/citt-humanidadesdigitales.madrimasd.org\/wp-content\/uploads\/2023\/10\/Iconos-Objetivos-CITT-HD-Y-TE-10.png 450w, https:\/\/citt-humanidadesdigitales.madrimasd.org\/wp-content\/uploads\/2023\/10\/Iconos-Objetivos-CITT-HD-Y-TE-10-228x300.png 228w\" sizes=\"auto, (max-width: 450px) 100vw, 450px\" \/><\/figure>\n\n\n\n<p><\/p>\n\n\n\n<p class=\"has-text-align-center\">Facilita el acceso a un <strong>programa de actividades<\/strong>.<\/p>\n<\/div>\n\n\n\n<div class=\"wp-block-column is-layout-flow wp-block-column-is-layout-flow\">\n<figure class=\"wp-block-image aligncenter size-full is-resized\"><img loading=\"lazy\" decoding=\"async\" width=\"470\" height=\"591\" src=\"https:\/\/citt-humanidadesdigitales.madrimasd.org\/wp-content\/uploads\/2023\/10\/Iconos-Objetivos-CITT-HD-Y-TE-11.png\" alt=\"\" class=\"wp-image-884\" style=\"width:100px\" srcset=\"https:\/\/citt-humanidadesdigitales.madrimasd.org\/wp-content\/uploads\/2023\/10\/Iconos-Objetivos-CITT-HD-Y-TE-11.png 470w, https:\/\/citt-humanidadesdigitales.madrimasd.org\/wp-content\/uploads\/2023\/10\/Iconos-Objetivos-CITT-HD-Y-TE-11-239x300.png 239w\" sizes=\"auto, (max-width: 470px) 100vw, 470px\" \/><\/figure>\n\n\n\n<p><\/p>\n\n\n\n<p class=\"has-text-align-center\">Incorpora a los socios en el <strong>desarrollo de proyectos comunes<\/strong> entre miembros del cl\u00faster, siempre protegiendo el marco de la competitividad empresarial.<\/p>\n<\/div>\n\n\n\n<div class=\"wp-block-column is-layout-flow wp-block-column-is-layout-flow\">\n<figure class=\"wp-block-image aligncenter size-full is-resized\"><img loading=\"lazy\" decoding=\"async\" width=\"613\" height=\"591\" src=\"https:\/\/citt-humanidadesdigitales.madrimasd.org\/wp-content\/uploads\/2023\/10\/Iconos-Objetivos-CITT-HD-Y-TE-12.png\" alt=\"\" class=\"wp-image-889\" style=\"width:125px\" srcset=\"https:\/\/citt-humanidadesdigitales.madrimasd.org\/wp-content\/uploads\/2023\/10\/Iconos-Objetivos-CITT-HD-Y-TE-12.png 613w, https:\/\/citt-humanidadesdigitales.madrimasd.org\/wp-content\/uploads\/2023\/10\/Iconos-Objetivos-CITT-HD-Y-TE-12-300x289.png 300w\" sizes=\"auto, (max-width: 613px) 100vw, 613px\" \/><\/figure>\n\n\n\n<p><\/p>\n\n\n\n<p class=\"has-text-align-center\">Facilita el <strong>acceso\u00a0 a\u00a0 la\u00a0 informaci\u00f3n<\/strong>\u00a0 sobre\u00a0 casos\u00a0 de\u00a0 \u00e9xito,\u00a0 experiencias\u00a0 previas,\u00a0 proyectos desarrollados en un determinado campo, etc.<\/p>\n<\/div>\n\n\n\n<div class=\"wp-block-column is-layout-flow wp-block-column-is-layout-flow\">\n<figure class=\"wp-block-image aligncenter size-full is-resized\"><img loading=\"lazy\" decoding=\"async\" width=\"591\" height=\"591\" src=\"https:\/\/citt-humanidadesdigitales.madrimasd.org\/wp-content\/uploads\/2023\/10\/Iconos-Objetivos-CITT-HD-Y-TE-13.png\" alt=\"\" class=\"wp-image-892\" style=\"width:120px\" srcset=\"https:\/\/citt-humanidadesdigitales.madrimasd.org\/wp-content\/uploads\/2023\/10\/Iconos-Objetivos-CITT-HD-Y-TE-13.png 591w, https:\/\/citt-humanidadesdigitales.madrimasd.org\/wp-content\/uploads\/2023\/10\/Iconos-Objetivos-CITT-HD-Y-TE-13-300x300.png 300w, https:\/\/citt-humanidadesdigitales.madrimasd.org\/wp-content\/uploads\/2023\/10\/Iconos-Objetivos-CITT-HD-Y-TE-13-150x150.png 150w\" sizes=\"auto, (max-width: 591px) 100vw, 591px\" \/><\/figure>\n\n\n\n<p><\/p>\n\n\n\n<p class=\"has-text-align-center\">Facilita el acceso a informaci\u00f3n sistematizada sobre <strong>ayudas y subvenciones<\/strong> en el campo.<\/p>\n<\/div>\n<\/div>\n\n\n\n<div class=\"wp-block-columns is-layout-flex wp-container-core-columns-is-layout-28f84493 wp-block-columns-is-layout-flex\">\n<div class=\"wp-block-column is-layout-flow wp-block-column-is-layout-flow\">\n<figure class=\"wp-block-image aligncenter size-full is-resized\"><img loading=\"lazy\" decoding=\"async\" width=\"676\" height=\"591\" src=\"https:\/\/citt-humanidadesdigitales.madrimasd.org\/wp-content\/uploads\/2023\/10\/Iconos-Objetivos-CITT-HD-Y-TE-17.png\" alt=\"\" class=\"wp-image-895\" style=\"width:120px\" srcset=\"https:\/\/citt-humanidadesdigitales.madrimasd.org\/wp-content\/uploads\/2023\/10\/Iconos-Objetivos-CITT-HD-Y-TE-17.png 676w, https:\/\/citt-humanidadesdigitales.madrimasd.org\/wp-content\/uploads\/2023\/10\/Iconos-Objetivos-CITT-HD-Y-TE-17-300x262.png 300w\" sizes=\"auto, (max-width: 676px) 100vw, 676px\" \/><\/figure>\n\n\n\n<p><\/p>\n\n\n\n<p class=\"has-text-align-center\">El Cl\u00faster tendr\u00e1 influencia en la <strong>definici\u00f3n de formaciones<\/strong> para los profesionales actuales y futuros del sector.<\/p>\n<\/div>\n\n\n\n<div class=\"wp-block-column is-layout-flow wp-block-column-is-layout-flow\">\n<figure class=\"wp-block-image aligncenter size-full is-resized\"><img loading=\"lazy\" decoding=\"async\" width=\"645\" height=\"591\" src=\"https:\/\/citt-humanidadesdigitales.madrimasd.org\/wp-content\/uploads\/2023\/10\/Iconos-Objetivos-CITT-HD-Y-TE-14.png\" alt=\"\" class=\"wp-image-897\" style=\"width:115px\" srcset=\"https:\/\/citt-humanidadesdigitales.madrimasd.org\/wp-content\/uploads\/2023\/10\/Iconos-Objetivos-CITT-HD-Y-TE-14.png 645w, https:\/\/citt-humanidadesdigitales.madrimasd.org\/wp-content\/uploads\/2023\/10\/Iconos-Objetivos-CITT-HD-Y-TE-14-300x275.png 300w\" sizes=\"auto, (max-width: 645px) 100vw, 645px\" \/><\/figure>\n\n\n\n<p><\/p>\n\n\n\n<p class=\"has-text-align-center\">Actuar\u00e1 en <strong>defensa de los intereses del sector<\/strong> ante Administraci\u00f3n P\u00fablica mediante una presencia unificada.<\/p>\n<\/div>\n\n\n\n<div class=\"wp-block-column is-layout-flow wp-block-column-is-layout-flow\">\n<figure class=\"wp-block-image aligncenter size-full is-resized\"><img loading=\"lazy\" decoding=\"async\" width=\"773\" height=\"591\" src=\"https:\/\/citt-humanidadesdigitales.madrimasd.org\/wp-content\/uploads\/2023\/10\/Iconos-Objetivos-CITT-HD-Y-TE-15.png\" alt=\"\" class=\"wp-image-898\" style=\"width:130px\" srcset=\"https:\/\/citt-humanidadesdigitales.madrimasd.org\/wp-content\/uploads\/2023\/10\/Iconos-Objetivos-CITT-HD-Y-TE-15.png 773w, https:\/\/citt-humanidadesdigitales.madrimasd.org\/wp-content\/uploads\/2023\/10\/Iconos-Objetivos-CITT-HD-Y-TE-15-300x229.png 300w, https:\/\/citt-humanidadesdigitales.madrimasd.org\/wp-content\/uploads\/2023\/10\/Iconos-Objetivos-CITT-HD-Y-TE-15-768x587.png 768w\" sizes=\"auto, (max-width: 773px) 100vw, 773px\" \/><\/figure>\n\n\n\n<p><\/p>\n\n\n\n<p class=\"has-text-align-center\">Permitir\u00e1 un conocimiento\u00a0 temprano\u00a0 de\u00a0 las\u00a0 <strong>pol\u00edticas\u00a0 europeas,\u00a0 nacionales\u00a0 y\u00a0 regionales<\/strong>\u00a0 con repercusi\u00f3n en el sector.<\/p>\n<\/div>\n\n\n\n<div class=\"wp-block-column is-layout-flow wp-block-column-is-layout-flow\">\n<figure class=\"wp-block-image aligncenter size-full is-resized\"><img loading=\"lazy\" decoding=\"async\" width=\"591\" height=\"591\" src=\"https:\/\/citt-humanidadesdigitales.madrimasd.org\/wp-content\/uploads\/2023\/10\/Iconos-Objetivos-CITT-HD-Y-TE-16.png\" alt=\"\" class=\"wp-image-900\" style=\"width:100px\" srcset=\"https:\/\/citt-humanidadesdigitales.madrimasd.org\/wp-content\/uploads\/2023\/10\/Iconos-Objetivos-CITT-HD-Y-TE-16.png 591w, https:\/\/citt-humanidadesdigitales.madrimasd.org\/wp-content\/uploads\/2023\/10\/Iconos-Objetivos-CITT-HD-Y-TE-16-300x300.png 300w, https:\/\/citt-humanidadesdigitales.madrimasd.org\/wp-content\/uploads\/2023\/10\/Iconos-Objetivos-CITT-HD-Y-TE-16-150x150.png 150w\" sizes=\"auto, (max-width: 591px) 100vw, 591px\" \/><\/figure>\n\n\n\n<p><\/p>\n\n\n\n<p>Facilita el <strong>acceso a otros cl\u00fasteres y agentes<\/strong>, tanto regionales como nacionales e internacionales.<\/p>\n<\/div>\n<\/div>\n\n\n\n<div style=\"height:50px\" aria-hidden=\"true\" class=\"wp-block-spacer\"><\/div>\n","protected":false},"excerpt":{"rendered":"<p>Facilita el acceso a un programa de actividades. Incorpora a los socios en el desarrollo de proyectos comunes entre miembros del cl\u00faster, siempre protegiendo el marco de la competitividad empresarial. Facilita el acceso\u00a0 a\u00a0 la\u00a0 informaci\u00f3n\u00a0 sobre\u00a0 casos\u00a0 de\u00a0 \u00e9xito,\u00a0 experiencias\u00a0 previas,\u00a0 proyectos desarrollados en un determinado campo, etc. Facilita el acceso a informaci\u00f3n sistematizada sobre ayudas y subvenciones en el campo. El Cl\u00faster tendr\u00e1 influencia en la definici\u00f3n de formaciones para los profesionales actuales y futuros del sector. Actuar\u00e1 en defensa de los intereses del sector ante Administraci\u00f3n P\u00fablica mediante una presencia unificada. Permitir\u00e1 un conocimiento\u00a0 temprano\u00a0 de\u00a0 las\u00a0\u2026<\/p>\n","protected":false},"author":1,"featured_media":0,"parent":17,"menu_order":3,"comment_status":"closed","ping_status":"closed","template":"","meta":{"_mc_calendar":[],"footnotes":""},"class_list":["post-23","page","type-page","status-publish","hentry"],"blocksy_meta":"","acf":[],"jetpack_sharing_enabled":true,"_links":{"self":[{"href":"https:\/\/citt-humanidadesdigitales.madrimasd.org\/index.php\/wp-json\/wp\/v2\/pages\/23","targetHints":{"allow":["GET"]}}],"collection":[{"href":"https:\/\/citt-humanidadesdigitales.madrimasd.org\/index.php\/wp-json\/wp\/v2\/pages"}],"about":[{"href":"https:\/\/citt-humanidadesdigitales.madrimasd.org\/index.php\/wp-json\/wp\/v2\/types\/page"}],"author":[{"embeddable":true,"href":"https:\/\/citt-humanidadesdigitales.madrimasd.org\/index.php\/wp-json\/wp\/v2\/users\/1"}],"replies":[{"embeddable":true,"href":"https:\/\/citt-humanidadesdigitales.madrimasd.org\/index.php\/wp-json\/wp\/v2\/comments?post=23"}],"version-history":[{"count":28,"href":"https:\/\/citt-humanidadesdigitales.madrimasd.org\/index.php\/wp-json\/wp\/v2\/pages\/23\/revisions"}],"predecessor-version":[{"id":1714,"href":"https:\/\/citt-humanidadesdigitales.madrimasd.org\/index.php\/wp-json\/wp\/v2\/pages\/23\/revisions\/1714"}],"up":[{"embeddable":true,"href":"https:\/\/citt-humanidadesdigitales.madrimasd.org\/index.php\/wp-json\/wp\/v2\/pages\/17"}],"wp:attachment":[{"href":"https:\/\/citt-humanidadesdigitales.madrimasd.org\/index.php\/wp-json\/wp\/v2\/media?parent=23"}],"curies":[{"name":"wp","href":"https:\/\/api.w.org\/{rel}","templated":true}]}}