{"id":1812,"date":"2024-07-30T11:00:48","date_gmt":"2024-07-30T11:00:48","guid":{"rendered":"https:\/\/citt-humanidadesdigitales.madrimasd.org\/?page_id=1812"},"modified":"2024-07-30T11:13:52","modified_gmt":"2024-07-30T11:13:52","slug":"proyecto-de-digitalizacion-de-patrimonio","status":"publish","type":"page","link":"https:\/\/citt-humanidadesdigitales.madrimasd.org\/index.php\/proyectos-en-desarrollo\/proyecto-de-digitalizacion-de-patrimonio\/","title":{"rendered":"Digitalizaci\u00f3n de Patrimonio"},"content":{"rendered":"\n<h3 class=\"wp-block-heading\">Digitalizaci\u00f3n de Patrimonio<\/h3>\n\n\n\n<div class=\"wp-block-columns is-layout-flex wp-container-core-columns-is-layout-28f84493 wp-block-columns-is-layout-flex\">\n<div class=\"wp-block-column is-layout-flow wp-block-column-is-layout-flow\" style=\"flex-basis:50%\">\n<figure class=\"wp-block-image size-full\"><img loading=\"lazy\" decoding=\"async\" width=\"1024\" height=\"683\" src=\"https:\/\/citt-humanidadesdigitales.madrimasd.org\/wp-content\/uploads\/2024\/01\/Diseno-sin-titulo-10.png\" alt=\"\" class=\"wp-image-1417\" srcset=\"https:\/\/citt-humanidadesdigitales.madrimasd.org\/wp-content\/uploads\/2024\/01\/Diseno-sin-titulo-10.png 1024w, https:\/\/citt-humanidadesdigitales.madrimasd.org\/wp-content\/uploads\/2024\/01\/Diseno-sin-titulo-10-300x200.png 300w, https:\/\/citt-humanidadesdigitales.madrimasd.org\/wp-content\/uploads\/2024\/01\/Diseno-sin-titulo-10-768x512.png 768w\" sizes=\"auto, (max-width: 1024px) 100vw, 1024px\" \/><\/figure>\n\n\n\n<p><strong>Direcci\u00f3n del proyecto:<\/strong><\/p>\n\n\n\n<div class=\"wp-block-columns is-layout-flex wp-container-core-columns-is-layout-28f84493 wp-block-columns-is-layout-flex\">\n<div class=\"wp-block-column is-layout-flow wp-block-column-is-layout-flow\">\n<figure class=\"wp-block-image size-full\"><img loading=\"lazy\" decoding=\"async\" width=\"262\" height=\"131\" src=\"https:\/\/citt-humanidadesdigitales.madrimasd.org\/wp-content\/uploads\/2023\/07\/Universidad-Rey-Juan-Carlos.png\" alt=\"\" class=\"wp-image-482\"\/><\/figure>\n<\/div>\n\n\n\n<div class=\"wp-block-column is-layout-flow wp-block-column-is-layout-flow\"><\/div>\n\n\n\n<div class=\"wp-block-column is-layout-flow wp-block-column-is-layout-flow\"><\/div>\n\n\n\n<div class=\"wp-block-column is-layout-flow wp-block-column-is-layout-flow\"><\/div>\n<\/div>\n<\/div>\n\n\n\n<div class=\"wp-block-column is-layout-flow wp-block-column-is-layout-flow\" style=\"flex-basis:50%\">\n<p class=\"has-text-align-left\">El\u00a0<strong>objetivo de este proyecto es <\/strong>preservar y dar a conocer un patrimonio hist\u00f3rico y cultural de primer orden, contribuyendo al desarrollo de una memoria colectiva madrile\u00f1a y europea y proporcionando un sentido de pertenencia local al tiempo que europeo.<\/p>\n\n\n\n<p><strong>Objetivos espec\u00edficos:<\/strong><\/p>\n\n\n\n<ul class=\"wp-block-list\">\n<li>Construir un ecosistema h\u00edbrido (f\u00edsico y digital), con base tecnol\u00f3gica, que permita contextualizar y poner en valor de una manera atractiva, rigurosa y sostenible el patrimonio de la Comunidad de Madrid.<\/li>\n\n\n\n<li>Generar un lenguaje gr\u00e1fico y una narrativa que permita una interacci\u00f3n capaz de acercar el Patrimonio a la sociedad de una manera m\u00e1s atractiva y l\u00fadica, pero rigurosa.<\/li>\n\n\n\n<li>Comunicar el significado de los sitios patrimoniales de Madrid a diferentes p\u00fablicos a trav\u00e9s de la documentaci\u00f3n cuidadosa del patrimonio, basada en evidencias obtenidas por m\u00e9todos cient\u00edficos y a trav\u00e9s de las tradiciones culturales vivas.<\/li>\n\n\n\n<li>Crear contenidos digitales en abierto en diferentes formatos y lenguajes que mejoren la comprensi\u00f3n y el significado del patrimonio en Madrid<\/li>\n<\/ul>\n<\/div>\n<\/div>\n\n\n\n<div style=\"height:50px\" aria-hidden=\"true\" class=\"wp-block-spacer\"><\/div>\n\n\n\n<hr class=\"wp-block-separator has-alpha-channel-opacity is-style-default\"\/>\n","protected":false},"excerpt":{"rendered":"<p>Dar a conocer el patrimonio de la Comunidad de Madrid a trav\u00e9s de un ecosistema h\u00edbrido (f\u00edsico y digital).<\/p>\n","protected":false},"author":4,"featured_media":1417,"parent":31,"menu_order":1,"comment_status":"closed","ping_status":"closed","template":"","meta":{"_mc_calendar":[],"footnotes":""},"class_list":["post-1812","page","type-page","status-publish","has-post-thumbnail","hentry"],"blocksy_meta":"","acf":[],"jetpack_sharing_enabled":true,"_links":{"self":[{"href":"https:\/\/citt-humanidadesdigitales.madrimasd.org\/index.php\/wp-json\/wp\/v2\/pages\/1812","targetHints":{"allow":["GET"]}}],"collection":[{"href":"https:\/\/citt-humanidadesdigitales.madrimasd.org\/index.php\/wp-json\/wp\/v2\/pages"}],"about":[{"href":"https:\/\/citt-humanidadesdigitales.madrimasd.org\/index.php\/wp-json\/wp\/v2\/types\/page"}],"author":[{"embeddable":true,"href":"https:\/\/citt-humanidadesdigitales.madrimasd.org\/index.php\/wp-json\/wp\/v2\/users\/4"}],"replies":[{"embeddable":true,"href":"https:\/\/citt-humanidadesdigitales.madrimasd.org\/index.php\/wp-json\/wp\/v2\/comments?post=1812"}],"version-history":[{"count":4,"href":"https:\/\/citt-humanidadesdigitales.madrimasd.org\/index.php\/wp-json\/wp\/v2\/pages\/1812\/revisions"}],"predecessor-version":[{"id":1824,"href":"https:\/\/citt-humanidadesdigitales.madrimasd.org\/index.php\/wp-json\/wp\/v2\/pages\/1812\/revisions\/1824"}],"up":[{"embeddable":true,"href":"https:\/\/citt-humanidadesdigitales.madrimasd.org\/index.php\/wp-json\/wp\/v2\/pages\/31"}],"wp:featuredmedia":[{"embeddable":true,"href":"https:\/\/citt-humanidadesdigitales.madrimasd.org\/index.php\/wp-json\/wp\/v2\/media\/1417"}],"wp:attachment":[{"href":"https:\/\/citt-humanidadesdigitales.madrimasd.org\/index.php\/wp-json\/wp\/v2\/media?parent=1812"}],"curies":[{"name":"wp","href":"https:\/\/api.w.org\/{rel}","templated":true}]}}