{"id":1805,"date":"2024-07-30T11:00:33","date_gmt":"2024-07-30T11:00:33","guid":{"rendered":"https:\/\/citt-humanidadesdigitales.madrimasd.org\/?page_id=1805"},"modified":"2024-07-30T11:14:55","modified_gmt":"2024-07-30T11:14:55","slug":"lenguaje-claro","status":"publish","type":"page","link":"https:\/\/citt-humanidadesdigitales.madrimasd.org\/index.php\/proyectos-en-desarrollo\/lenguaje-claro\/","title":{"rendered":"Lenguaje Claro"},"content":{"rendered":"\n<h3 class=\"wp-block-heading\">Proyecto de Lenguaje Claro<\/h3>\n\n\n\n<div class=\"wp-block-columns is-layout-flex wp-container-core-columns-is-layout-28f84493 wp-block-columns-is-layout-flex\">\n<div class=\"wp-block-column is-layout-flow wp-block-column-is-layout-flow\" style=\"flex-basis:50%\">\n<figure class=\"wp-block-image size-large\"><img loading=\"lazy\" decoding=\"async\" width=\"1024\" height=\"683\" src=\"https:\/\/citt-humanidadesdigitales.madrimasd.org\/wp-content\/uploads\/2023\/10\/companeros-trabajo-anonimos-papeles-1024x683.jpg\" alt=\"\" class=\"wp-image-1078\" srcset=\"https:\/\/citt-humanidadesdigitales.madrimasd.org\/wp-content\/uploads\/2023\/10\/companeros-trabajo-anonimos-papeles-1024x683.jpg 1024w, https:\/\/citt-humanidadesdigitales.madrimasd.org\/wp-content\/uploads\/2023\/10\/companeros-trabajo-anonimos-papeles-300x200.jpg 300w, https:\/\/citt-humanidadesdigitales.madrimasd.org\/wp-content\/uploads\/2023\/10\/companeros-trabajo-anonimos-papeles-768x512.jpg 768w, https:\/\/citt-humanidadesdigitales.madrimasd.org\/wp-content\/uploads\/2023\/10\/companeros-trabajo-anonimos-papeles.jpg 1500w\" sizes=\"auto, (max-width: 1024px) 100vw, 1024px\" \/><\/figure>\n\n\n\n<p><strong>Direcci\u00f3n del proyecto:<\/strong><\/p>\n\n\n\n<div class=\"wp-block-columns is-layout-flex wp-container-core-columns-is-layout-28f84493 wp-block-columns-is-layout-flex\">\n<div class=\"wp-block-column is-layout-flow wp-block-column-is-layout-flow\">\n<figure class=\"wp-block-image size-full is-resized\"><a href=\"https:\/\/www.uned.es\/universidad\/inicio.html\"><img loading=\"lazy\" decoding=\"async\" width=\"684\" height=\"684\" src=\"https:\/\/citt-humanidadesdigitales.madrimasd.org\/wp-content\/uploads\/2023\/10\/LogoUNED-1.jpg\" alt=\"\" class=\"wp-image-1088\" style=\"aspect-ratio:1;object-fit:cover;width:80px\" srcset=\"https:\/\/citt-humanidadesdigitales.madrimasd.org\/wp-content\/uploads\/2023\/10\/LogoUNED-1.jpg 684w, https:\/\/citt-humanidadesdigitales.madrimasd.org\/wp-content\/uploads\/2023\/10\/LogoUNED-1-300x300.jpg 300w, https:\/\/citt-humanidadesdigitales.madrimasd.org\/wp-content\/uploads\/2023\/10\/LogoUNED-1-150x150.jpg 150w\" sizes=\"auto, (max-width: 684px) 100vw, 684px\" \/><\/a><\/figure>\n<\/div>\n\n\n\n<div class=\"wp-block-column is-layout-flow wp-block-column-is-layout-flow\">\n<figure class=\"wp-block-image size-large is-resized\"><a href=\"https:\/\/www.calamoycran.com\/\"><img loading=\"lazy\" decoding=\"async\" width=\"1024\" height=\"998\" src=\"https:\/\/citt-humanidadesdigitales.madrimasd.org\/wp-content\/uploads\/2023\/10\/calamoycran-formacion-servicios-edicion-traduccion-1-1024x998.png\" alt=\"\" class=\"wp-image-1089\" style=\"width:90px\" srcset=\"https:\/\/citt-humanidadesdigitales.madrimasd.org\/wp-content\/uploads\/2023\/10\/calamoycran-formacion-servicios-edicion-traduccion-1-1024x998.png 1024w, https:\/\/citt-humanidadesdigitales.madrimasd.org\/wp-content\/uploads\/2023\/10\/calamoycran-formacion-servicios-edicion-traduccion-1-300x292.png 300w, https:\/\/citt-humanidadesdigitales.madrimasd.org\/wp-content\/uploads\/2023\/10\/calamoycran-formacion-servicios-edicion-traduccion-1-768x749.png 768w, https:\/\/citt-humanidadesdigitales.madrimasd.org\/wp-content\/uploads\/2023\/10\/calamoycran-formacion-servicios-edicion-traduccion-1.png 1079w\" sizes=\"auto, (max-width: 1024px) 100vw, 1024px\" \/><\/a><\/figure>\n<\/div>\n\n\n\n<div class=\"wp-block-column is-layout-flow wp-block-column-is-layout-flow\"><\/div>\n\n\n\n<div class=\"wp-block-column is-layout-flow wp-block-column-is-layout-flow\"><\/div>\n<\/div>\n<\/div>\n\n\n\n<div class=\"wp-block-column is-layout-flow wp-block-column-is-layout-flow\" style=\"flex-basis:50%\">\n<p class=\"has-text-align-left\">El&nbsp;<strong>objetivo de este proyecto es desarrollar una aplicaci\u00f3n de lenguaje claro para el sector sociosanitario. <\/strong>Para ello, se establecer\u00e1n sinergias entre el lenguaje claro, el \u00e1mbito m\u00e9dico-sanitario y la IA con un fin social:&nbsp; que los pacientes entiendan los textos que reciben en el \u00e1mbito sanitario.<\/p>\n\n\n\n<p class=\"has-text-align-left\">Este proyecto se desarrollar\u00e1 con base en la plataforma&nbsp;<a href=\"http:\/\/sistema-artext.com\/\">Artext&nbsp;de la UNED<\/a>, desarrollada para la administraci\u00f3n p\u00fablica.<\/p>\n\n\n\n<p><strong>Objetivos espec\u00edficos:<\/strong><\/p>\n\n\n\n<ul class=\"wp-block-list\">\n<li>Analizar la tipolog\u00eda documental del \u00e1mbito m\u00e9dico-sanitario en Espa\u00f1a<\/li>\n\n\n\n<li>Seleccionar los g\u00e9neros textuales relevantes por su impacto en la ciudadan\u00eda<\/li>\n\n\n\n<li>Compilar y analizar un corpus textual<\/li>\n\n\n\n<li>Integrar diferentes t\u00e9cnicas de IA para la redacci\u00f3n asistida de textos m\u00e9dico-sanitarios<\/li>\n\n\n\n<li>Dise\u00f1ar e implementar el sistema<\/li>\n\n\n\n<li>Realizar una evaluaci\u00f3n data-driven y user-driven (con profesionales sanitarios y pacientes)<\/li>\n<\/ul>\n<\/div>\n<\/div>\n\n\n\n<div style=\"height:50px\" aria-hidden=\"true\" class=\"wp-block-spacer\"><\/div>\n\n\n\n<hr class=\"wp-block-separator has-alpha-channel-opacity\"\/>\n","protected":false},"excerpt":{"rendered":"<p>Desarrollo de una aplicaci\u00f3n de lenguaje claro para el sector sociosanitario.<\/p>\n","protected":false},"author":4,"featured_media":1078,"parent":31,"menu_order":1,"comment_status":"closed","ping_status":"closed","template":"","meta":{"_mc_calendar":[],"footnotes":""},"class_list":["post-1805","page","type-page","status-publish","has-post-thumbnail","hentry"],"blocksy_meta":"","acf":[],"jetpack_sharing_enabled":true,"_links":{"self":[{"href":"https:\/\/citt-humanidadesdigitales.madrimasd.org\/index.php\/wp-json\/wp\/v2\/pages\/1805","targetHints":{"allow":["GET"]}}],"collection":[{"href":"https:\/\/citt-humanidadesdigitales.madrimasd.org\/index.php\/wp-json\/wp\/v2\/pages"}],"about":[{"href":"https:\/\/citt-humanidadesdigitales.madrimasd.org\/index.php\/wp-json\/wp\/v2\/types\/page"}],"author":[{"embeddable":true,"href":"https:\/\/citt-humanidadesdigitales.madrimasd.org\/index.php\/wp-json\/wp\/v2\/users\/4"}],"replies":[{"embeddable":true,"href":"https:\/\/citt-humanidadesdigitales.madrimasd.org\/index.php\/wp-json\/wp\/v2\/comments?post=1805"}],"version-history":[{"count":4,"href":"https:\/\/citt-humanidadesdigitales.madrimasd.org\/index.php\/wp-json\/wp\/v2\/pages\/1805\/revisions"}],"predecessor-version":[{"id":1827,"href":"https:\/\/citt-humanidadesdigitales.madrimasd.org\/index.php\/wp-json\/wp\/v2\/pages\/1805\/revisions\/1827"}],"up":[{"embeddable":true,"href":"https:\/\/citt-humanidadesdigitales.madrimasd.org\/index.php\/wp-json\/wp\/v2\/pages\/31"}],"wp:featuredmedia":[{"embeddable":true,"href":"https:\/\/citt-humanidadesdigitales.madrimasd.org\/index.php\/wp-json\/wp\/v2\/media\/1078"}],"wp:attachment":[{"href":"https:\/\/citt-humanidadesdigitales.madrimasd.org\/index.php\/wp-json\/wp\/v2\/media?parent=1805"}],"curies":[{"name":"wp","href":"https:\/\/api.w.org\/{rel}","templated":true}]}}