{"id":1802,"date":"2024-07-30T11:00:18","date_gmt":"2024-07-30T11:00:18","guid":{"rendered":"https:\/\/citt-humanidadesdigitales.madrimasd.org\/?page_id=1802"},"modified":"2024-07-30T11:09:38","modified_gmt":"2024-07-30T11:09:38","slug":"corpus-anotado-multimodal-2","status":"publish","type":"page","link":"https:\/\/citt-humanidadesdigitales.madrimasd.org\/index.php\/proyectos-en-desarrollo\/corpus-anotado-multimodal-2\/","title":{"rendered":"Corpus Anotado Multimodal"},"content":{"rendered":"\n<h3 class=\"wp-block-heading\">Proyecto de Corpus Anotado Multimodal<\/h3>\n\n\n\n<div class=\"wp-block-columns is-layout-flex wp-container-core-columns-is-layout-28f84493 wp-block-columns-is-layout-flex\">\n<div class=\"wp-block-column is-layout-flow wp-block-column-is-layout-flow\" style=\"flex-basis:50%\">\n<figure class=\"wp-block-image size-large\"><img loading=\"lazy\" decoding=\"async\" width=\"1024\" height=\"683\" src=\"https:\/\/citt-humanidadesdigitales.madrimasd.org\/wp-content\/uploads\/2023\/10\/dados-madera-letras-paginas-libro-1024x683.jpg\" alt=\"\" class=\"wp-image-1067\" srcset=\"https:\/\/citt-humanidadesdigitales.madrimasd.org\/wp-content\/uploads\/2023\/10\/dados-madera-letras-paginas-libro-1024x683.jpg 1024w, https:\/\/citt-humanidadesdigitales.madrimasd.org\/wp-content\/uploads\/2023\/10\/dados-madera-letras-paginas-libro-300x200.jpg 300w, https:\/\/citt-humanidadesdigitales.madrimasd.org\/wp-content\/uploads\/2023\/10\/dados-madera-letras-paginas-libro-768x512.jpg 768w, https:\/\/citt-humanidadesdigitales.madrimasd.org\/wp-content\/uploads\/2023\/10\/dados-madera-letras-paginas-libro.jpg 1500w\" sizes=\"auto, (max-width: 1024px) 100vw, 1024px\" \/><\/figure>\n\n\n\n<p><strong>Direcci\u00f3n del proyecto:<\/strong><\/p>\n\n\n\n<div class=\"wp-block-columns is-layout-flex wp-container-core-columns-is-layout-28f84493 wp-block-columns-is-layout-flex\">\n<div class=\"wp-block-column is-layout-flow wp-block-column-is-layout-flow\">\n<figure class=\"wp-block-image size-large\"><a href=\"https:\/\/www.uah.es\/es\/\"><img loading=\"lazy\" decoding=\"async\" width=\"1024\" height=\"343\" src=\"https:\/\/citt-humanidadesdigitales.madrimasd.org\/wp-content\/uploads\/2023\/10\/Universidad_de_Alcala_2021_logotipo-1024x343.png\" alt=\"\" class=\"wp-image-1068\" srcset=\"https:\/\/citt-humanidadesdigitales.madrimasd.org\/wp-content\/uploads\/2023\/10\/Universidad_de_Alcala_2021_logotipo-1024x343.png 1024w, https:\/\/citt-humanidadesdigitales.madrimasd.org\/wp-content\/uploads\/2023\/10\/Universidad_de_Alcala_2021_logotipo-300x100.png 300w, https:\/\/citt-humanidadesdigitales.madrimasd.org\/wp-content\/uploads\/2023\/10\/Universidad_de_Alcala_2021_logotipo-768x257.png 768w, https:\/\/citt-humanidadesdigitales.madrimasd.org\/wp-content\/uploads\/2023\/10\/Universidad_de_Alcala_2021_logotipo-1536x514.png 1536w, https:\/\/citt-humanidadesdigitales.madrimasd.org\/wp-content\/uploads\/2023\/10\/Universidad_de_Alcala_2021_logotipo-2048x685.png 2048w\" sizes=\"auto, (max-width: 1024px) 100vw, 1024px\" \/><\/a><\/figure>\n<\/div>\n\n\n\n<div class=\"wp-block-column is-layout-flow wp-block-column-is-layout-flow\"><\/div>\n\n\n\n<div class=\"wp-block-column is-layout-flow wp-block-column-is-layout-flow\"><\/div>\n\n\n\n<div class=\"wp-block-column is-layout-flow wp-block-column-is-layout-flow\"><\/div>\n<\/div>\n<\/div>\n\n\n\n<div class=\"wp-block-column is-layout-flow wp-block-column-is-layout-flow\" style=\"flex-basis:50%\">\n<p class=\"has-text-align-left\">El <strong>objetivo principal de este proyecto es desarrollar un corpus anotado multimodal del espa\u00f1ol<\/strong>, lenguas cooficiales y variedades del espa\u00f1ol para la inteligencia artificial, que&nbsp; compile todos los datasets ling\u00fc\u00edsticos tanto p\u00fablicos como privados (no compartidos) disponibles, as\u00ed como aplicaciones y servicios de empresas.<\/p>\n\n\n\n<p class=\"has-text-align-left\">Este proyecto est\u00e1 en l\u00ednea con uno de los proyectos tractores definidos en el eje n\u00famero 1 <em>Base de Conocimiento<\/em>, en espa\u00f1ol del PERTE de la Nueva Econom\u00eda de la Lengua.<\/p>\n\n\n\n<p><strong>Objetivos espec\u00edficos:<\/strong><\/p>\n\n\n\n<ul class=\"wp-block-list\">\n<li>Realizar una compilaci\u00f3n de los principales datasets ling\u00fc\u00edsticos disponibles en espa\u00f1ol, lenguas cooficiales y variedades del espa\u00f1ol.<\/li>\n\n\n\n<li>Incluir y completar corpus multimodales con el fin de compilar y sistematizar la riqueza del lenguaje oral.<\/li>\n\n\n\n<li>Analizar, definir y desarrollar aplicaciones pr\u00e1cticas de los corpus ling\u00fcisticos multimodales.<\/li>\n\n\n\n<li>Estandarizar los datos en t\u00e9rminos de accesibilidad, interoperabilidad y reutilizaci\u00f3n, siguiendo los principios de FAIR (Findable, Accessible, Interoperable, Reusable).<\/li>\n\n\n\n<li>Difusi\u00f3n de los resultados del proyecto y la transferencia de conocimiento a la comunidad cient\u00edfica, la industria y otros actores relevantes.<\/li>\n<\/ul>\n<\/div>\n<\/div>\n\n\n\n<div style=\"height:50px\" aria-hidden=\"true\" class=\"wp-block-spacer\"><\/div>\n\n\n\n<hr class=\"wp-block-separator has-alpha-channel-opacity is-style-default\"\/>\n","protected":false},"excerpt":{"rendered":"<p>Creaci\u00f3n de un corpus anotado multimodal del espa\u00f1ol, lenguas cooficiales y variedades del espa\u00f1ol para la IA.<\/p>\n","protected":false},"author":4,"featured_media":1067,"parent":31,"menu_order":1,"comment_status":"closed","ping_status":"closed","template":"","meta":{"_mc_calendar":[],"footnotes":""},"class_list":["post-1802","page","type-page","status-publish","has-post-thumbnail","hentry"],"blocksy_meta":"","acf":[],"jetpack_sharing_enabled":true,"_links":{"self":[{"href":"https:\/\/citt-humanidadesdigitales.madrimasd.org\/index.php\/wp-json\/wp\/v2\/pages\/1802","targetHints":{"allow":["GET"]}}],"collection":[{"href":"https:\/\/citt-humanidadesdigitales.madrimasd.org\/index.php\/wp-json\/wp\/v2\/pages"}],"about":[{"href":"https:\/\/citt-humanidadesdigitales.madrimasd.org\/index.php\/wp-json\/wp\/v2\/types\/page"}],"author":[{"embeddable":true,"href":"https:\/\/citt-humanidadesdigitales.madrimasd.org\/index.php\/wp-json\/wp\/v2\/users\/4"}],"replies":[{"embeddable":true,"href":"https:\/\/citt-humanidadesdigitales.madrimasd.org\/index.php\/wp-json\/wp\/v2\/comments?post=1802"}],"version-history":[{"count":3,"href":"https:\/\/citt-humanidadesdigitales.madrimasd.org\/index.php\/wp-json\/wp\/v2\/pages\/1802\/revisions"}],"predecessor-version":[{"id":1818,"href":"https:\/\/citt-humanidadesdigitales.madrimasd.org\/index.php\/wp-json\/wp\/v2\/pages\/1802\/revisions\/1818"}],"up":[{"embeddable":true,"href":"https:\/\/citt-humanidadesdigitales.madrimasd.org\/index.php\/wp-json\/wp\/v2\/pages\/31"}],"wp:featuredmedia":[{"embeddable":true,"href":"https:\/\/citt-humanidadesdigitales.madrimasd.org\/index.php\/wp-json\/wp\/v2\/media\/1067"}],"wp:attachment":[{"href":"https:\/\/citt-humanidadesdigitales.madrimasd.org\/index.php\/wp-json\/wp\/v2\/media?parent=1802"}],"curies":[{"name":"wp","href":"https:\/\/api.w.org\/{rel}","templated":true}]}}