{"id":17,"date":"2023-06-15T10:58:11","date_gmt":"2023-06-15T10:58:11","guid":{"rendered":"http:\/\/citt-humanidadesdigitales.madrimasd.org\/?page_id=17"},"modified":"2024-07-30T10:41:06","modified_gmt":"2024-07-30T10:41:06","slug":"quienes-somos","status":"publish","type":"page","link":"https:\/\/citt-humanidadesdigitales.madrimasd.org\/index.php\/quienes-somos\/","title":{"rendered":"\u00bfQui\u00e9nes somos?"},"content":{"rendered":"\n<div class=\"wp-block-cover is-light\" style=\"min-height:367px;aspect-ratio:unset;\"><span aria-hidden=\"true\" class=\"wp-block-cover__background has-background-dim-100 has-background-dim\" style=\"background-color:#e6e6e6\"><\/span><div class=\"wp-block-cover__inner-container is-layout-constrained wp-block-cover-is-layout-constrained\">\n<figure class=\"wp-block-image alignright size-full\"><img loading=\"lazy\" decoding=\"async\" width=\"417\" height=\"210\" src=\"https:\/\/citt-humanidadesdigitales.madrimasd.org\/wp-content\/uploads\/2023\/10\/Logo-CITT-HD-y-TE.png\" alt=\"\" class=\"wp-image-1141\" srcset=\"https:\/\/citt-humanidadesdigitales.madrimasd.org\/wp-content\/uploads\/2023\/10\/Logo-CITT-HD-y-TE.png 417w, https:\/\/citt-humanidadesdigitales.madrimasd.org\/wp-content\/uploads\/2023\/10\/Logo-CITT-HD-y-TE-300x151.png 300w\" sizes=\"auto, (max-width: 417px) 100vw, 417px\" \/><\/figure>\n\n\n\n<p class=\"has-text-align-left has-text-color\" style=\"color:#14192f;margin-top:var(--wp--preset--spacing--40);margin-right:0;margin-bottom:var(--wp--preset--spacing--40);margin-left:0;font-size:22px\">El <strong>Cl\u00faster de Innovaci\u00f3n Tecnol\u00f3gica y Talento de Humanidades Digitales y Tecnolog\u00edas del Espa\u00f1ol de la Comunidad de Madrid (CITT Humanidades Digitales y Tecnolog\u00edas del Espa\u00f1ol)<\/strong>, creado en el seno de la <strong>Fundaci\u00f3n para el Conocimiento Madri+d<\/strong>, es &nbsp;una plataforma que re\u00fane a la comunidad de agentes interesados en las \u00e1reas de trabajo, investigaci\u00f3n e innovaci\u00f3n relacionadas con las Humanidades Digitales y las nuevas Tecnolog\u00edas del Espa\u00f1ol.<\/p>\n\n\n\n<div class=\"wp-block-buttons is-layout-flex wp-block-buttons-is-layout-flex\">\n<div class=\"wp-block-button is-style-outline is-style-outline--1\"><a class=\"wp-block-button__link has-palette-color-3-color has-text-color has-border-color has-palette-color-3-border-color wp-element-button\" href=\"https:\/\/citt-humanidadesdigitales.madrimasd.org\/index.php\/miembros\/\" style=\"border-width:3px\">Miembros<\/a><\/div>\n<\/div>\n<\/div><\/div>\n\n\n\n<div style=\"height:30px\" aria-hidden=\"true\" class=\"wp-block-spacer\"><\/div>\n\n\n\n<hr class=\"wp-block-separator has-alpha-channel-opacity\" style=\"margin-top:var(--wp--preset--spacing--20);margin-bottom:var(--wp--preset--spacing--20)\"\/>\n\n\n\n<h3 class=\"wp-block-heading has-text-align-left\"><strong>Las Humanidades Digitales y las Tecnolog\u00edas del Espa\u00f1ol<\/strong><\/h3>\n\n\n\n<p class=\"has-text-align-left\">La Revista de Humanidades Digitales de la UNED (RHD) define el t\u00e9rmino \u201c<strong>Humanidades Digitales<\/strong>\u201d como un campo diverso y emergente que abarca la investigaci\u00f3n en humanidades a trav\u00e9s de la aplicaci\u00f3n de tecnolog\u00edas digitales y la exploraci\u00f3n sobre el modo en el que las humanidades pueden estudiarse y comprenderse a trav\u00e9s de medios y m\u00e9todos de c\u00e1lculo.<\/p>\n\n\n\n<div class=\"wp-block-cover\" style=\"min-height:284px;aspect-ratio:unset;\"><span aria-hidden=\"true\" class=\"wp-block-cover__background has-background-dim-100 has-background-dim\" style=\"background-color:#14192f\"><\/span><div class=\"wp-block-cover__inner-container is-layout-constrained wp-block-cover-is-layout-constrained\">\n<p class=\"has-text-align-left has-medium-font-size\"><strong>As\u00ed, nos encontramos ante un \u00e1rea interdisciplinar de investigaci\u00f3n instrumental, aplicaciones y construcci\u00f3n digital cuyo \u00faltimo fin consiste en perseguir los siguientes tres objetivos<\/strong><\/p>\n\n\n\n<div class=\"wp-block-columns is-layout-flex wp-container-core-columns-is-layout-28f84493 wp-block-columns-is-layout-flex\">\n<div class=\"wp-block-column is-layout-flow wp-block-column-is-layout-flow\">\n<figure class=\"wp-block-image aligncenter size-full is-resized\"><img loading=\"lazy\" decoding=\"async\" width=\"598\" height=\"491\" src=\"https:\/\/citt-humanidadesdigitales.madrimasd.org\/wp-content\/uploads\/2023\/10\/Iconos-Objetivos-CITT-HD-Y-TE-18.png\" alt=\"\" class=\"wp-image-1129\" style=\"width:200px\" srcset=\"https:\/\/citt-humanidadesdigitales.madrimasd.org\/wp-content\/uploads\/2023\/10\/Iconos-Objetivos-CITT-HD-Y-TE-18.png 598w, https:\/\/citt-humanidadesdigitales.madrimasd.org\/wp-content\/uploads\/2023\/10\/Iconos-Objetivos-CITT-HD-Y-TE-18-300x246.png 300w\" sizes=\"auto, (max-width: 598px) 100vw, 598px\" \/><\/figure>\n\n\n\n<p class=\"has-text-align-center\">Crear bases de datos con recursos digitales relevantes para las Humanidades. Esto incluye la captura, estructuraci\u00f3n, documentaci\u00f3n, preservaci\u00f3n y diseminaci\u00f3n de los datos.<\/p>\n<\/div>\n\n\n\n<div class=\"wp-block-column is-layout-flow wp-block-column-is-layout-flow\">\n<figure class=\"wp-block-image aligncenter size-full is-resized\"><img loading=\"lazy\" decoding=\"async\" width=\"668\" height=\"486\" src=\"https:\/\/citt-humanidadesdigitales.madrimasd.org\/wp-content\/uploads\/2023\/10\/Iconos-Objetivos-CITT-HD-Y-TE-19.png\" alt=\"\" class=\"wp-image-1130\" style=\"width:230px\" srcset=\"https:\/\/citt-humanidadesdigitales.madrimasd.org\/wp-content\/uploads\/2023\/10\/Iconos-Objetivos-CITT-HD-Y-TE-19.png 668w, https:\/\/citt-humanidadesdigitales.madrimasd.org\/wp-content\/uploads\/2023\/10\/Iconos-Objetivos-CITT-HD-Y-TE-19-300x218.png 300w\" sizes=\"auto, (max-width: 668px) 100vw, 668px\" \/><\/figure>\n\n\n\n<p class=\"has-text-align-center\">Desarrollar metodolog\u00edas que permitan generar nuevos elementos derivados de estos datos.<\/p>\n<\/div>\n\n\n\n<div class=\"wp-block-column is-layout-flow wp-block-column-is-layout-flow\">\n<figure class=\"wp-block-image aligncenter size-full is-resized\"><img loading=\"lazy\" decoding=\"async\" width=\"670\" height=\"486\" src=\"https:\/\/citt-humanidadesdigitales.madrimasd.org\/wp-content\/uploads\/2023\/10\/Iconos-Objetivos-CITT-HD-Y-TE-20.png\" alt=\"\" class=\"wp-image-1131\" style=\"width:230px\" srcset=\"https:\/\/citt-humanidadesdigitales.madrimasd.org\/wp-content\/uploads\/2023\/10\/Iconos-Objetivos-CITT-HD-Y-TE-20.png 670w, https:\/\/citt-humanidadesdigitales.madrimasd.org\/wp-content\/uploads\/2023\/10\/Iconos-Objetivos-CITT-HD-Y-TE-20-300x218.png 300w\" sizes=\"auto, (max-width: 670px) 100vw, 670px\" \/><\/figure>\n\n\n\n<p class=\"has-text-align-center\">Generar investigaci\u00f3n y conocimiento para incrementar nuestra comprensi\u00f3n de las Humanidades.<\/p>\n<\/div>\n<\/div>\n<\/div><\/div>\n\n\n\n<p class=\"has-text-align-left\">De esta forma, convergen<strong> ideas clave de numerosos objetos de estudio<\/strong> como idiomas, literatura, filosof\u00eda, historia, m\u00fasica, medios de comunicaci\u00f3n, inform\u00e1tica y estudios de informaci\u00f3n y se combinan mediante el empleo de las nuevas tecnolog\u00edas como herramienta principal. M\u00e1s recientemente, el enfoque disciplinario se ha ampliado para incluir estudios digitales cr\u00edticos, as\u00ed como campos m\u00e1s com\u00fanmente asociados con la ingenier\u00eda, como son el aprendizaje autom\u00e1tico, la ciencia de datos y la inteligencia artificial.<\/p>\n\n\n\n<p class=\"has-text-align-left\">M\u00e1s concretamente, las tecnolog\u00edas del lenguaje, y para el caso que nos ocupa, concretamente del espa\u00f1ol, son entendidas como la r<strong>ama de la inteligencia artificial que permite, entre otras cosas, explotar autom\u00e1ticamente la enorme cantidad de informaci\u00f3n textual y oral a la que tenemos acceso fruto del desarrollo de la digitalizaci\u00f3n y cuyo an\u00e1lisis ser\u00eda inabordable sin el apoyo de la t\u00e9cnica<\/strong>. Estas novedosas tecnolog\u00edas incluyen, entre otros campos, el procesamiento del lenguaje natural, la traducci\u00f3n autom\u00e1tica y los sistemas conversacionales.<\/p>\n\n\n\n<hr class=\"wp-block-separator has-alpha-channel-opacity\" style=\"margin-top:var(--wp--preset--spacing--20);margin-bottom:var(--wp--preset--spacing--20)\"\/>\n\n\n\n<h3 class=\"wp-block-heading has-text-align-left\"><strong><strong>Ecosistema de las Humanidades Digitales y las Tecnolog\u00edas del Espa\u00f1ol en la regi\u00f3n de Madrid<\/strong><\/strong><\/h3>\n\n\n\n<p class=\"has-text-align-left\">La Comunidad de Madrid cuenta con un ecosistema en torno a las Humanidades Digitales y las Tecnolog\u00edas del Espa\u00f1ol muy din\u00e1mico, formado por <strong>diferentes<\/strong><strong> <\/strong><strong>actores<\/strong><strong> <\/strong><strong>que<\/strong><strong> <\/strong><strong>operan <\/strong><strong>en<\/strong><strong> <\/strong><strong>todos<\/strong><strong> <\/strong><strong>los<\/strong><strong> <\/strong><strong>\u00e1mbitos<\/strong><strong> <\/strong><strong>de<\/strong><strong> <\/strong><strong>la<\/strong><strong> <\/strong><strong>econom\u00eda<\/strong><strong> <\/strong>(investigaci\u00f3n, formaci\u00f3n,&nbsp;&nbsp; desarrollo&nbsp;&nbsp; de&nbsp;&nbsp; negocios,&nbsp;&nbsp; asociaciones empresariales, etc.) tanto desde el \u00e1mbito p\u00fablico como desde el privado.<\/p>\n\n\n\n<p class=\"has-text-align-left\">Los&nbsp; actores&nbsp; de&nbsp; este&nbsp; ecosistema&nbsp; aportan&nbsp; <strong>diferentes capacidades al desarrollo del sector<\/strong>, desde actividades de I+D+i (lideradas tanto desde las Universidades p\u00fablicas y privadas como desde los Centros de Investigaci\u00f3n de la regi\u00f3n), a formaciones especificas tanto para profesionales del&nbsp; sector&nbsp; como&nbsp; para&nbsp; estudiantes&nbsp; (impartidas&nbsp; asimismo desde las Universidades de la regi\u00f3n pero tambi\u00e9n desde otros&nbsp; centros&nbsp; formativos&nbsp; como&nbsp; Escuelas&nbsp; de&nbsp; negocio)&nbsp; y proyectos&nbsp; de&nbsp; desarrollo&nbsp; de&nbsp; negocio&nbsp; en&nbsp; torno&nbsp; a&nbsp; las aplicaciones de las Humanidades Digitales y las Tecnolog\u00edas del Espa\u00f1ol (dirigidos tanto por start-ups como por grandes empresas del sector financiero, editorial o de los servicios profesionales, entre otros). Todo ello, apoyado por diferentes Organismos p\u00fablicos y tambi\u00e9n privados (en forma de asociaciones empresariales) que buscan impulsar el sector a partir del desarrollo de acciones de apoyo al mismo.<\/p>\n\n\n\n<p class=\"has-text-align-left\">Dentro&nbsp; de&nbsp; este&nbsp; ecosistema&nbsp; destaca,&nbsp; por&nbsp; el&nbsp; papel&nbsp; de liderazgo que quiere ejercer dentro del mismo, la <strong>Direcci\u00f3n General de Investigaci\u00f3n e Innovaci\u00f3n Tecnol\u00f3gica de la Comunidad de Madrid<\/strong>, que a trav\u00e9s de la <strong>Fundaci\u00f3n para el Conocimiento Madri+D<\/strong> quiere impulsar la organizaci\u00f3n de los agentes que forman parte del mismo en torno a un cl\u00faster que contribuya al crecimiento del sector.<\/p>\n\n\n\n<div style=\"height:50px\" aria-hidden=\"true\" class=\"wp-block-spacer\"><\/div>\n","protected":false},"excerpt":{"rendered":"<p>Las Humanidades Digitales y las Tecnolog\u00edas del Espa\u00f1ol La Revista de Humanidades Digitales de la UNED (RHD) define el t\u00e9rmino \u201cHumanidades Digitales\u201d como un campo diverso y emergente que abarca la investigaci\u00f3n en humanidades a trav\u00e9s de la aplicaci\u00f3n de tecnolog\u00edas digitales y la exploraci\u00f3n sobre el modo en el que las humanidades pueden estudiarse y comprenderse a trav\u00e9s de medios y m\u00e9todos de c\u00e1lculo. De esta forma, convergen ideas clave de numerosos objetos de estudio como idiomas, literatura, filosof\u00eda, historia, m\u00fasica, medios de comunicaci\u00f3n, inform\u00e1tica y estudios de informaci\u00f3n y se combinan mediante el empleo de las nuevas tecnolog\u00edas\u2026<\/p>\n","protected":false},"author":1,"featured_media":0,"parent":0,"menu_order":0,"comment_status":"closed","ping_status":"closed","template":"","meta":{"_mc_calendar":[],"footnotes":""},"class_list":["post-17","page","type-page","status-publish","hentry"],"blocksy_meta":"","acf":[],"jetpack_sharing_enabled":true,"_links":{"self":[{"href":"https:\/\/citt-humanidadesdigitales.madrimasd.org\/index.php\/wp-json\/wp\/v2\/pages\/17","targetHints":{"allow":["GET"]}}],"collection":[{"href":"https:\/\/citt-humanidadesdigitales.madrimasd.org\/index.php\/wp-json\/wp\/v2\/pages"}],"about":[{"href":"https:\/\/citt-humanidadesdigitales.madrimasd.org\/index.php\/wp-json\/wp\/v2\/types\/page"}],"author":[{"embeddable":true,"href":"https:\/\/citt-humanidadesdigitales.madrimasd.org\/index.php\/wp-json\/wp\/v2\/users\/1"}],"replies":[{"embeddable":true,"href":"https:\/\/citt-humanidadesdigitales.madrimasd.org\/index.php\/wp-json\/wp\/v2\/comments?post=17"}],"version-history":[{"count":37,"href":"https:\/\/citt-humanidadesdigitales.madrimasd.org\/index.php\/wp-json\/wp\/v2\/pages\/17\/revisions"}],"predecessor-version":[{"id":1712,"href":"https:\/\/citt-humanidadesdigitales.madrimasd.org\/index.php\/wp-json\/wp\/v2\/pages\/17\/revisions\/1712"}],"wp:attachment":[{"href":"https:\/\/citt-humanidadesdigitales.madrimasd.org\/index.php\/wp-json\/wp\/v2\/media?parent=17"}],"curies":[{"name":"wp","href":"https:\/\/api.w.org\/{rel}","templated":true}]}}